{"id":1519,"date":"2023-01-09T12:31:06","date_gmt":"2023-01-09T15:31:06","guid":{"rendered":"https:\/\/peip.unp.edu.ar\/?page_id=1519"},"modified":"2025-05-07T12:28:36","modified_gmt":"2025-05-07T15:28:36","slug":"inicio","status":"publish","type":"page","link":"https:\/\/dgsiac.unp.edu.ar\/?page_id=1519","title":{"rendered":"Plan de Desarrollo Institucional"},"content":{"rendered":"\n<div class=\"is-layout-constrained wp-block-group\"><div class=\"wp-block-group__inner-container\"><\/div><\/div>\n\n\n\n<div class=\"wp-block-media-text alignwide is-stacked-on-mobile\"><figure class=\"wp-block-media-text__media\"><video controls src=\"http:\/\/peip.unp.edu.ar\/wp-content\/uploads\/2023\/05\/Plan_de_Desarrollo_Institucional_UNPSJB-epAFIRPuRaA-1.mp4\"><\/video><\/figure><div class=\"wp-block-media-text__content\">\n<p><em>El Plan de Desarrollo Institucional es el resultado de un trabajo colectivo destinado a sentar las bases de un proyecto social educativo, \u00e9tico y pol\u00edtico de la UNPSJB en los tiempos futuros. Una herramienta institucional destinada a favorecer la generaci\u00f3n de un proceso de pensamiento para entender el rol de la Universidad frente a las demandas y los desafios del contexto socio-hist\u00f3rico.<\/em><\/p>\n\n\n<style>.wp-show-posts-columns#wpsp-1705 {margin-left: -2em; }.wp-show-posts-columns#wpsp-1705 .wp-show-posts-inner {margin: 0 0 2em 2em; }<\/style><section id=\"wpsp-1705\" class=\" wp-show-posts\" style=\"\"><article class=\" wp-show-posts-single wpsp-clearfix post-1838 page type-page status-publish hentry\" itemtype=\"http:\/\/schema.org\/CreativeWork\" itemscope><div class=\"wp-show-posts-inner\" style=\"\"><div class=\"wpsp-read-more\"><a title=\"Plan de Desarrollo Institucional +\" class=\"wp-show-posts-read-more\" href=\"https:\/\/dgsiac.unp.edu.ar\/?page_id=1838\">Leer m\u00e1s<\/a><\/div><\/div><!-- wp-show-posts-inner --><div class=\"wpsp-clear\"><\/div><\/article><\/section><!-- .wp-show-posts -->\n<\/div><\/div>\n\n\n\n<div style=\"height:40px\" aria-hidden=\"true\" class=\"wp-block-spacer\"><\/div>\n\n\n\n<hr class=\"wp-block-separator has-alpha-channel-opacity\"\/>\n\n\n\n<div class=\"is-layout-flex wp-container-8 wp-block-columns\">\n<div class=\"is-layout-flow wp-block-column\"><\/div>\n\n\n\n<div class=\"is-layout-flow wp-block-column\"><div class=\"wp-block-image\">\n<figure class=\"aligncenter size-full\"><a href=\"https:\/\/peip.unp.edu.ar\/?page_id=527\"><img decoding=\"async\" loading=\"lazy\" width=\"280\" height=\"267\" src=\"http:\/\/peip.unp.edu.ar\/wp-content\/uploads\/2023\/11\/hist2_sepia3.jpeg\" alt=\"\" class=\"wp-image-2498\"\/><\/a><figcaption class=\"wp-element-caption\">Mirada hist\u00f3rica sobre el desarrollo Institucional<\/figcaption><\/figure><\/div><\/div>\n\n\n\n<div class=\"is-layout-flow wp-block-column\"><div class=\"wp-block-image\">\n<figure class=\"aligncenter size-full is-resized\"><a href=\"https:\/\/peip.unp.edu.ar\/?page_id=1391\"><img decoding=\"async\" loading=\"lazy\" src=\"http:\/\/peip.unp.edu.ar\/wp-content\/uploads\/2023\/11\/PDI_car_esc1-2.png\" alt=\"\" class=\"wp-image-2510\" width=\"132\" height=\"180\"\/><\/a><figcaption class=\"wp-element-caption\">Antecedentes &#8211; Documento de lineamientos<\/figcaption><\/figure><\/div><\/div>\n\n\n\n<div class=\"is-layout-flow wp-block-column\"><\/div>\n\n\n\n<div class=\"is-layout-flow wp-block-column\"><div id=\"metaslider-id-2684\" style=\"max-width: 180px;\" class=\"ml-slider-3-50-0 metaslider metaslider-flex metaslider-2684 ml-slider ms-theme-default nav-hidden\" role=\"region\" aria-roledescription=\"Slideshow\" aria-label=\"Nueva presentaci\u00f3n de diapositivas\">\n    <div id=\"metaslider_container_2684\">\n        <div id=\"metaslider_2684\">\n            <ul aria-live=\"polite\" class=\"slides\">\n                <li style=\"display: block; width: 100%;\" class=\"slide-2685 ms-image\" aria-roledescription=\"slide\" aria-label=\"slide-2685\"><a href=\"https:\/\/peip.unp.edu.ar\/?page_id=1803\" target=\"_self\"><img src=\"https:\/\/dgsiac.unp.edu.ar\/wp-content\/uploads\/2023\/11\/doc_100_1-1-180x180.jpg\" height=\"180\" width=\"180\" alt=\"\" class=\"slider-2684 slide-2685\" title=\"Docencia, formaci\u00f3n y vida estudiantil.\" \/><\/a><div class=\"caption-wrap\"><div class=\"caption\">Docencia, formaci\u00f3n y vida estudiantil<\/div><\/div><\/li>\n                <li style=\"display: none; width: 100%;\" class=\"slide-2686 ms-image\" aria-roledescription=\"slide\" aria-label=\"slide-2686\"><a href=\"https:\/\/peip.unp.edu.ar\/?page_id=1734\" target=\"_self\"><img src=\"https:\/\/dgsiac.unp.edu.ar\/wp-content\/uploads\/2023\/11\/gob_101-180x180.jpeg\" height=\"180\" width=\"180\" alt=\"\" class=\"slider-2684 slide-2686\" title=\"Gobierno y gesti\u00f3n.\" \/><\/a><div class=\"caption-wrap\"><div class=\"caption\">Gobierno y gesti\u00f3n.<\/div><\/div><\/li>\n                <li style=\"display: none; width: 100%;\" class=\"slide-2687 ms-image\" aria-roledescription=\"slide\" aria-label=\"slide-2687\"><a href=\"https:\/\/peip.unp.edu.ar\/?page_id=1785\" target=\"_self\"><img src=\"https:\/\/dgsiac.unp.edu.ar\/wp-content\/uploads\/2023\/11\/invest_5-180x180.png\" height=\"180\" width=\"180\" alt=\"\" class=\"slider-2684 slide-2687\" title=\"Investigaci\u00f3n\" \/><\/a><div class=\"caption-wrap\"><div class=\"caption\">Investigaci\u00f3n<\/div><\/div><\/li>\n                <li style=\"display: none; width: 100%;\" class=\"slide-2688 ms-image\" aria-roledescription=\"slide\" aria-label=\"slide-2688\"><a href=\"https:\/\/peip.unp.edu.ar\/?page_id=1767\" target=\"_self\"><img src=\"https:\/\/dgsiac.unp.edu.ar\/wp-content\/uploads\/2023\/11\/ext_100-180x180.jpeg\" height=\"180\" width=\"180\" alt=\"\" class=\"slider-2684 slide-2688\" title=\"Extensi\u00f3n.\" \/><\/a><div class=\"caption-wrap\"><div class=\"caption\">Extensi\u00f3n<\/div><\/div><\/li>\n            <\/ul>\n        <\/div>\n        \n    <\/div>\n<\/div>\n<\/div>\n\n\n\n<div class=\"is-layout-flow wp-block-column\"><\/div>\n<\/div>\n\n\n\n<hr class=\"wp-block-separator has-text-color has-cyan-bluish-gray-color has-alpha-channel-opacity has-cyan-bluish-gray-background-color has-background\"\/>\n\n\n\n<p class=\"has-cyan-bluish-gray-color has-text-color\">Novedades<\/p>\n\n\n\n<hr class=\"wp-block-separator has-text-color has-cyan-bluish-gray-color has-alpha-channel-opacity has-cyan-bluish-gray-background-color has-background\"\/>\n\n\n<style>.wp-show-posts-columns#wpsp-2172 {margin-left: -2em; }.wp-show-posts-columns#wpsp-2172 .wp-show-posts-inner {margin: 0 0 2em 2em; }<\/style><section id=\"wpsp-2172\" class=\" wp-show-posts\" style=\"\"><article class=\" wp-show-posts-single wpsp-clearfix post-3090 post type-post status-publish format-standard has-post-thumbnail hentry category-dgsiac category-pdi\" itemtype=\"http:\/\/schema.org\/CreativeWork\" itemscope><div class=\"wp-show-posts-inner\" style=\"\">\t\t\t\t\t\t<header class=\"wp-show-posts-entry-header\">\n\t\t\t\t\t\t\t<h5 class=\"wp-show-posts-entry-title\" itemprop=\"headline\"><a href=\"https:\/\/dgsiac.unp.edu.ar\/?p=3090\" rel=\"bookmark\">Publicaci\u00f3n del libro \u00abPlan de Desarrollo Institucional 2024-2030\u00bb (EDUPA-UNPSJB)<\/a><\/h5><div class=\"wp-show-posts-entry-meta wp-show-posts-entry-meta-below-title post-meta-inline\"><span class=\"wp-show-posts-posted-on wp-show-posts-meta\">\n\t\t\t\t\t<a href=\"https:\/\/dgsiac.unp.edu.ar\/?p=3090\" title=\"13:41\" rel=\"bookmark\"><time class=\"wp-show-posts-entry-date published\" datetime=\"2025-04-14T13:41:11-03:00\" itemprop=\"datePublished\">14\/04\/2025<\/time><time class=\"wp-show-posts-updated\" datetime=\"2025-04-29T13:50:25-03:00\" itemprop=\"dateModified\">29\/04\/2025<\/time><\/a>\n\t\t\t\t<\/span><\/div>\t\t\t\t\t\t<\/header><!-- .entry-header -->\n\t\t\t\t\t\t\t<div class=\"wp-show-posts-image  wpsp-image-center \">\n\t\t\t<a href=\"https:\/\/dgsiac.unp.edu.ar\/?p=3090\"  title=\"Publicaci\u00f3n del libro \u00abPlan de Desarrollo Institucional 2024-2030\u00bb (EDUPA-UNPSJB)\"><img width=\"2245\" height=\"1587\" src=\"https:\/\/dgsiac.unp.edu.ar\/wp-content\/uploads\/2025\/04\/TAPA-LIBRO-PDI-pagina.png\" class=\"attachment-full size-full wp-post-image\" alt=\"\" decoding=\"async\" loading=\"lazy\" itemprop=\"image\" srcset=\"https:\/\/dgsiac.unp.edu.ar\/wp-content\/uploads\/2025\/04\/TAPA-LIBRO-PDI-pagina.png 2245w, https:\/\/dgsiac.unp.edu.ar\/wp-content\/uploads\/2025\/04\/TAPA-LIBRO-PDI-pagina-300x212.png 300w, https:\/\/dgsiac.unp.edu.ar\/wp-content\/uploads\/2025\/04\/TAPA-LIBRO-PDI-pagina-1024x724.png 1024w, https:\/\/dgsiac.unp.edu.ar\/wp-content\/uploads\/2025\/04\/TAPA-LIBRO-PDI-pagina-768x543.png 768w, https:\/\/dgsiac.unp.edu.ar\/wp-content\/uploads\/2025\/04\/TAPA-LIBRO-PDI-pagina-1536x1086.png 1536w, https:\/\/dgsiac.unp.edu.ar\/wp-content\/uploads\/2025\/04\/TAPA-LIBRO-PDI-pagina-2048x1448.png 2048w, https:\/\/dgsiac.unp.edu.ar\/wp-content\/uploads\/2025\/04\/TAPA-LIBRO-PDI-pagina-1528x1080.png 1528w\" sizes=\"(max-width: 2245px) 100vw, 2245px\" \/><\/a>\t\t<\/div>\n\t\t\t\t\t\t\t\t<div class=\"wp-show-posts-entry-summary\" itemprop=\"text\">\n\t\t\t\t\t\t\t<p>Mediante un trabajo colaborativo entre la Direcci\u00f3n General del Sistema Institucional de Aseguramiento de la Calidad (DGSIAC) y la Editorial Universitaria de la Patagonia (EDUPA) perteneciente a la Universidad Nacional&#8230;<\/p>\n\t\t\t\t\t\t<\/div><!-- .entry-summary -->\n\t\t\t\t\t<\/div><!-- wp-show-posts-inner --><div class=\"wpsp-clear\"><\/div><\/article><\/section><!-- .wp-show-posts -->\n\n\n<div class=\"wp-block-image\">\n<figure class=\"aligncenter size-large is-resized\"><img decoding=\"async\" loading=\"lazy\" src=\"https:\/\/dgsiac.unp.edu.ar\/wp-content\/uploads\/2025\/04\/tapa-desarrollo-institucional3-muestra-719x1024.jpg\" alt=\"\" class=\"wp-image-3087\" width=\"330\" height=\"471\" srcset=\"https:\/\/dgsiac.unp.edu.ar\/wp-content\/uploads\/2025\/04\/tapa-desarrollo-institucional3-muestra-719x1024.jpg 719w, https:\/\/dgsiac.unp.edu.ar\/wp-content\/uploads\/2025\/04\/tapa-desarrollo-institucional3-muestra-211x300.jpg 211w, https:\/\/dgsiac.unp.edu.ar\/wp-content\/uploads\/2025\/04\/tapa-desarrollo-institucional3-muestra-768x1094.jpg 768w, https:\/\/dgsiac.unp.edu.ar\/wp-content\/uploads\/2025\/04\/tapa-desarrollo-institucional3-muestra-758x1080.jpg 758w, https:\/\/dgsiac.unp.edu.ar\/wp-content\/uploads\/2025\/04\/tapa-desarrollo-institucional3-muestra.jpg 782w\" sizes=\"(max-width: 330px) 100vw, 330px\" \/><\/figure><\/div>\n\n\n<div class=\"wp-block-file\"><object class=\"wp-block-file__embed\" data=\"https:\/\/dgsiac.unp.edu.ar\/wp-content\/uploads\/2025\/05\/PDI-Libro-Completo-Version-EDUPA.pdf\" type=\"application\/pdf\" style=\"width:100%;height:600px\" aria-label=\"Incrustado de PDI-Libro-Completo-Version-EDUPA.\"><\/object><a id=\"wp-block-file--media-999ea9ba-73a4-457a-b319-0017025f7fe8\" href=\"https:\/\/dgsiac.unp.edu.ar\/wp-content\/uploads\/2025\/05\/PDI-Libro-Completo-Version-EDUPA.pdf\">PDI-Libro-Completo-Version-EDUPA<\/a><a href=\"https:\/\/dgsiac.unp.edu.ar\/wp-content\/uploads\/2025\/05\/PDI-Libro-Completo-Version-EDUPA.pdf\" class=\"wp-block-file__button wp-element-button\" download aria-describedby=\"wp-block-file--media-999ea9ba-73a4-457a-b319-0017025f7fe8\">Descarga<\/a><\/div>\n","protected":false},"excerpt":{"rendered":"<p>Novedades<\/p>\n","protected":false},"author":101013,"featured_media":0,"parent":0,"menu_order":0,"comment_status":"closed","ping_status":"closed","template":"","meta":[],"_links":{"self":[{"href":"https:\/\/dgsiac.unp.edu.ar\/index.php?rest_route=\/wp\/v2\/pages\/1519"}],"collection":[{"href":"https:\/\/dgsiac.unp.edu.ar\/index.php?rest_route=\/wp\/v2\/pages"}],"about":[{"href":"https:\/\/dgsiac.unp.edu.ar\/index.php?rest_route=\/wp\/v2\/types\/page"}],"author":[{"embeddable":true,"href":"https:\/\/dgsiac.unp.edu.ar\/index.php?rest_route=\/wp\/v2\/users\/101013"}],"replies":[{"embeddable":true,"href":"https:\/\/dgsiac.unp.edu.ar\/index.php?rest_route=%2Fwp%2Fv2%2Fcomments&post=1519"}],"version-history":[{"count":246,"href":"https:\/\/dgsiac.unp.edu.ar\/index.php?rest_route=\/wp\/v2\/pages\/1519\/revisions"}],"predecessor-version":[{"id":3107,"href":"https:\/\/dgsiac.unp.edu.ar\/index.php?rest_route=\/wp\/v2\/pages\/1519\/revisions\/3107"}],"wp:attachment":[{"href":"https:\/\/dgsiac.unp.edu.ar\/index.php?rest_route=%2Fwp%2Fv2%2Fmedia&parent=1519"}],"curies":[{"name":"wp","href":"https:\/\/api.w.org\/{rel}","templated":true}]}}