{"id":1767,"date":"2023-01-12T10:56:33","date_gmt":"2023-01-12T13:56:33","guid":{"rendered":"https:\/\/peip.unp.edu.ar\/?page_id=1767"},"modified":"2024-11-25T14:35:59","modified_gmt":"2024-11-25T17:35:59","slug":"extension","status":"publish","type":"page","link":"https:\/\/dgsiac.unp.edu.ar\/?page_id=1767","title":{"rendered":"Extensi\u00f3n"},"content":{"rendered":"\n<p class=\"has-text-align-left\">La Extensi\u00f3n Universitaria es una funci\u00f3n sustantiva que integrada con la docencia y la investigaci\u00f3n forman parte de un modelo de universidad que caracteriza al sistema universitario nacional. La extensi\u00f3n -desde su dimensi\u00f3n acad\u00e9mica, dial\u00f3gica, pedag\u00f3gica y transformadora- le confiere a la propia Universidad la posibilidad de \u201cmirar\u201d de manera cr\u00edtica y permanente sus propias pr\u00e1cticas acad\u00e9micas y repensar sus pol\u00edticas institucionales.<\/p>\n\n\n\n<p class=\"has-text-align-left\">Las pol\u00edticas de extensi\u00f3n ubican a la Universidad en di\u00e1logo permanente con las organizaciones de la sociedad civil y del Estado, contribuyendo a partir del conocimiento y el pensamiento cr\u00edtico, al estudio, dise\u00f1o, formulaci\u00f3n, monitoreo y evaluaci\u00f3n de pol\u00edticas p\u00fablicas en la b\u00fasqueda de una mayor y mejor calidad de vida para todos sus habitantes.<\/p>\n\n\n\n<p class=\"has-text-align-left\">Se reconoce la extensi\u00f3n Universitaria como una de las funciones que tiene la Universidad P\u00fablica, que contribuye a generar condiciones para el logro del desarrollo de las personas, desde una perspectiva de participaci\u00f3n activa, responsable y solidaria en procesos de transformaci\u00f3n social.<\/p>\n\n\n\n<p class=\"has-text-align-left\">Se entiende como extensi\u00f3n universitaria al conjunto de actividades promovidas desde las secretar\u00edas de extensi\u00f3n de Rectorado, facultades y Delegaciones Zonales a trav\u00e9s de los programas, proyectos, comisiones de trabajo y c\u00e1tedras libres, desde los cuales se identifican problemas y demandas del medio; as\u00ed como la generaci\u00f3n de propuestas que formen parte de la agenda p\u00fablica. Se coordinan acciones concretas que articulan las tres funciones: docencia, investigaci\u00f3n y extensi\u00f3n, a partir de la gesti\u00f3n de los recursos p\u00fablicos disponibles y\/o en cooperaci\u00f3n con otras entidades y organismos. En las distintas instancias participan la comunidad universitaria y la comunidad en general en actividades tales como: charlas, talleres, seminarios, jornadas, foros, festivales, puestas en escena, exposiciones y muestras, entre otras. De este modo, se organizan los recursos necesarios entendiendo que la Universidad P\u00fablica debe cumplir un rol social involucr\u00e1ndose en el tiempo hist\u00f3rico del pa\u00eds y de la regi\u00f3n.<\/p>\n\n\n\n<p class=\"has-text-align-left\">El destinatario central es la comunidad en general, la cual recibe las propuestas extensionistas que son llevadas a cabo por estudiantes universitarios que participan en conjunto con el personal nodocente y docente de las Unidades Acad\u00e9micas de nuestra Universidad, permiti\u00e9ndonos abordar las distintas acciones desde un marco de interdisciplinariedad y vincul\u00e1ndonos al mismo tiempo con los operadores comunitarios, integrantes de bibliotecas populares, vecinalistas e interesados en adquirir estas herramientas y en participar de las actividades propuestas.<\/p>\n\n\n\n<p class=\"has-text-align-left\">El Art. No 22 del Estatuto de la UNPSJB refiere a la acci\u00f3n de la Universidad en materia de Extensi\u00f3n como \u201cuna labor organizada y permanente en el seno de la sociedad\u201d, y explicita que \u00abestimular\u00e1 todas aquellas actividades que contribuyan sustancialmente al mejoramiento social del pa\u00eds\u201d.<\/p>\n\n\n\n<p class=\"has-text-align-left\">La UNPSJB se ha constituido como una universidad regional. A partir de esta estructura institucional, busca articular partiendo del trabajo interdisciplinario generando espacios de participaci\u00f3n conjunta entre el rectorado, las distintas facultades y carreras de la universidad, como as\u00ed tambi\u00e9n llegar a todo el territorio de la provincia por medio de los equipos de trabajo que se encuentran en las distintas sedes. Asimismo, apunta a lograr la colaboraci\u00f3n y participaci\u00f3n de todos los claustros que conforman a la universidad (nodocentes, docentes, estudiantes y graduados).<\/p>\n\n\n\n<div class=\"wp-block-file\"><object class=\"wp-block-file__embed\" data=\"https:\/\/dgsiac.unp.edu.ar\/wp-content\/uploads\/2024\/11\/PDI-Extension-DEFINITIVO.pdf\" type=\"application\/pdf\" style=\"width:100%;height:600px\" aria-label=\"Incrustado de PDI-Extension-DEFINITIVO.\"><\/object><a id=\"wp-block-file--media-25610e80-36bf-4051-9bc2-601ae9d71823\" href=\"https:\/\/dgsiac.unp.edu.ar\/wp-content\/uploads\/2024\/11\/PDI-Extension-DEFINITIVO.pdf\">PDI-Extension-DEFINITIVO<\/a><a href=\"https:\/\/dgsiac.unp.edu.ar\/wp-content\/uploads\/2024\/11\/PDI-Extension-DEFINITIVO.pdf\" class=\"wp-block-file__button wp-element-button\" download aria-describedby=\"wp-block-file--media-25610e80-36bf-4051-9bc2-601ae9d71823\">Descarga<\/a><\/div>\n\n\n<style>.wp-show-posts-columns#wpsp-1783 {margin-left: -2em; }.wp-show-posts-columns#wpsp-1783 .wp-show-posts-inner {margin: 0 0 2em 2em; }<\/style><section id=\"wpsp-1783\" class=\" wp-show-posts\" style=\"\"><article class=\" wp-show-posts-single wpsp-clearfix post-1831 page type-page status-publish hentry\" itemtype=\"http:\/\/schema.org\/CreativeWork\" itemscope><div class=\"wp-show-posts-inner\" style=\"\"><div class=\"wpsp-read-more\"><a title=\"Lineamientos Extensi\u00f3n\" class=\"wp-show-posts-read-more\" href=\"https:\/\/dgsiac.unp.edu.ar\/?page_id=1831\">Leer m\u00e1s<\/a><\/div><\/div><!-- wp-show-posts-inner --><div class=\"wpsp-clear\"><\/div><\/article><\/section><!-- .wp-show-posts -->\n\n\n\n<div style=\"height:27px\" aria-hidden=\"true\" class=\"wp-block-spacer\"><\/div>\n\n\n\n<p><a href=\"https:\/\/dgsiac.unp.edu.ar\/?page_id=1519\">volver<\/a><\/p>\n\n\n<style>.wp-show-posts-columns#wpsp-1771 {margin-left: -2em; }.wp-show-posts-columns#wpsp-1771 .wp-show-posts-inner {margin: 0 0 2em 2em; }<\/style><section id=\"wpsp-1771\" class=\" wp-show-posts\" style=\"\"><p>Todav\u00eda no hay publicaciones<\/p>\n<\/section><!-- .wp-show-posts -->\n","protected":false},"excerpt":{"rendered":"<p>La Extensi\u00f3n Universitaria es una funci\u00f3n sustantiva que integrada con la docencia y la investigaci\u00f3n forman parte de un modelo de universidad que caracteriza al sistema universitario nacional. La extensi\u00f3n -desde su dimensi\u00f3n acad\u00e9mica, dial\u00f3gica, pedag\u00f3gica y transformadora- le confiere a la propia Universidad la posibilidad de \u201cmirar\u201d de manera cr\u00edtica y permanente sus propias&hellip; <br \/> <a class=\"read-more\" href=\"https:\/\/dgsiac.unp.edu.ar\/?page_id=1831\">Leer m\u00e1s<\/a><\/p>\n","protected":false},"author":101013,"featured_media":0,"parent":0,"menu_order":0,"comment_status":"closed","ping_status":"closed","template":"","meta":[],"_links":{"self":[{"href":"https:\/\/dgsiac.unp.edu.ar\/index.php?rest_route=\/wp\/v2\/pages\/1767"}],"collection":[{"href":"https:\/\/dgsiac.unp.edu.ar\/index.php?rest_route=\/wp\/v2\/pages"}],"about":[{"href":"https:\/\/dgsiac.unp.edu.ar\/index.php?rest_route=\/wp\/v2\/types\/page"}],"author":[{"embeddable":true,"href":"https:\/\/dgsiac.unp.edu.ar\/index.php?rest_route=\/wp\/v2\/users\/101013"}],"replies":[{"embeddable":true,"href":"https:\/\/dgsiac.unp.edu.ar\/index.php?rest_route=%2Fwp%2Fv2%2Fcomments&post=1767"}],"version-history":[{"count":14,"href":"https:\/\/dgsiac.unp.edu.ar\/index.php?rest_route=\/wp\/v2\/pages\/1767\/revisions"}],"predecessor-version":[{"id":2934,"href":"https:\/\/dgsiac.unp.edu.ar\/index.php?rest_route=\/wp\/v2\/pages\/1767\/revisions\/2934"}],"wp:attachment":[{"href":"https:\/\/dgsiac.unp.edu.ar\/index.php?rest_route=%2Fwp%2Fv2%2Fmedia&parent=1767"}],"curies":[{"name":"wp","href":"https:\/\/api.w.org\/{rel}","templated":true}]}}