{"id":1785,"date":"2023-01-12T11:31:06","date_gmt":"2023-01-12T14:31:06","guid":{"rendered":"https:\/\/peip.unp.edu.ar\/?page_id=1785"},"modified":"2024-11-25T14:36:49","modified_gmt":"2024-11-25T17:36:49","slug":"investigacion","status":"publish","type":"page","link":"https:\/\/dgsiac.unp.edu.ar\/?page_id=1785","title":{"rendered":"Investigaci\u00f3n"},"content":{"rendered":"\n<p class=\"has-text-align-left\">La investigaci\u00f3n cient\u00edfica es una pr\u00e1ctica fundamental para mejorar las condiciones de vida de los pueblos. En nuestro caso, ha permitido constituir grupos y consolidarlos a trav\u00e9s del tiempo, no sin esfuerzos e importantes colaboraciones nacionales e internacionales. En la \u00faltima \u00e9poca, la Universidad ha entendido que la relaci\u00f3n entre docencia e investigaci\u00f3n es otro asunto a considerar y consolidar, fundamentalmente la transferencia de las investigaciones a las aulas y el aumento de la complejidad de la actividad docente, adem\u00e1s del permanente esfuerzo por construir nuevos conocimientos.<\/p>\n\n\n\n<p class=\"has-text-align-left\">Las universidades son necesariamente pilares de la ciencia y la tecnolog\u00eda en Am\u00e9rica Latina porque generan conocimientos para producir nuevas matrices de pensamientos m\u00e1s acordes a nuestras realidades regionales. Sin ciencia no hay posibilidad de transformar nuestras realidades de manera emancipada y democr\u00e1tica, y es un camino para las innovaciones sociales y el fortalecimiento de la matriz productiva en la regi\u00f3n, reivindicando la soberan\u00eda y el conocimiento desde una perspectiva estrat\u00e9gica.<\/p>\n\n\n\n<div class=\"wp-block-file\"><object class=\"wp-block-file__embed\" data=\"https:\/\/dgsiac.unp.edu.ar\/wp-content\/uploads\/2024\/11\/PDI-Investigacion-DEFINITIVO.pdf\" type=\"application\/pdf\" style=\"width:100%;height:600px\" aria-label=\"Incrustado de PDI-Investigacion-DEFINITIVO.\"><\/object><a id=\"wp-block-file--media-ccea2aae-5a65-4d79-84df-e2d00da02d72\" href=\"https:\/\/dgsiac.unp.edu.ar\/wp-content\/uploads\/2024\/11\/PDI-Investigacion-DEFINITIVO.pdf\">PDI-Investigacion-DEFINITIVO<\/a><a href=\"https:\/\/dgsiac.unp.edu.ar\/wp-content\/uploads\/2024\/11\/PDI-Investigacion-DEFINITIVO.pdf\" class=\"wp-block-file__button wp-element-button\" download aria-describedby=\"wp-block-file--media-ccea2aae-5a65-4d79-84df-e2d00da02d72\">Descarga<\/a><\/div>\n\n\n<style>.wp-show-posts-columns#wpsp-1794 {margin-left: -2em; }.wp-show-posts-columns#wpsp-1794 .wp-show-posts-inner {margin: 0 0 2em 2em; }<\/style><section id=\"wpsp-1794\" class=\" wp-show-posts\" style=\"\"><article class=\" wp-show-posts-single wpsp-clearfix post-1827 page type-page status-publish hentry\" itemtype=\"http:\/\/schema.org\/CreativeWork\" itemscope><div class=\"wp-show-posts-inner\" style=\"\"><div class=\"wpsp-read-more\"><a title=\"Lineamientos Investigaci\u00f3n\" class=\"wp-show-posts-read-more\" href=\"https:\/\/dgsiac.unp.edu.ar\/?page_id=1827\">Leer m\u00e1s<\/a><\/div><\/div><!-- wp-show-posts-inner --><div class=\"wpsp-clear\"><\/div><\/article><\/section><!-- .wp-show-posts -->\n\n\n\n<div style=\"height:34px\" aria-hidden=\"true\" class=\"wp-block-spacer\"><\/div>\n\n\n\n<p><a href=\"https:\/\/dgsiac.unp.edu.ar\/?page_id=1519\">volver<\/a><\/p>\n\n\n<style>.wp-show-posts-columns#wpsp-1771 {margin-left: -2em; }.wp-show-posts-columns#wpsp-1771 .wp-show-posts-inner {margin: 0 0 2em 2em; }<\/style><section id=\"wpsp-1771\" class=\" wp-show-posts\" style=\"\"><p>Todav\u00eda no hay publicaciones<\/p>\n<\/section><!-- .wp-show-posts -->\n","protected":false},"excerpt":{"rendered":"<p>La investigaci\u00f3n cient\u00edfica es una pr\u00e1ctica fundamental para mejorar las condiciones de vida de los pueblos. En nuestro caso, ha permitido constituir grupos y consolidarlos a trav\u00e9s del tiempo, no sin esfuerzos e importantes colaboraciones nacionales e internacionales. En la \u00faltima \u00e9poca, la Universidad ha entendido que la relaci\u00f3n entre docencia e investigaci\u00f3n es otro&hellip; <br \/> <a class=\"read-more\" href=\"https:\/\/dgsiac.unp.edu.ar\/?page_id=1827\">Leer m\u00e1s<\/a><\/p>\n","protected":false},"author":101013,"featured_media":0,"parent":0,"menu_order":0,"comment_status":"closed","ping_status":"closed","template":"","meta":[],"_links":{"self":[{"href":"https:\/\/dgsiac.unp.edu.ar\/index.php?rest_route=\/wp\/v2\/pages\/1785"}],"collection":[{"href":"https:\/\/dgsiac.unp.edu.ar\/index.php?rest_route=\/wp\/v2\/pages"}],"about":[{"href":"https:\/\/dgsiac.unp.edu.ar\/index.php?rest_route=\/wp\/v2\/types\/page"}],"author":[{"embeddable":true,"href":"https:\/\/dgsiac.unp.edu.ar\/index.php?rest_route=\/wp\/v2\/users\/101013"}],"replies":[{"embeddable":true,"href":"https:\/\/dgsiac.unp.edu.ar\/index.php?rest_route=%2Fwp%2Fv2%2Fcomments&post=1785"}],"version-history":[{"count":14,"href":"https:\/\/dgsiac.unp.edu.ar\/index.php?rest_route=\/wp\/v2\/pages\/1785\/revisions"}],"predecessor-version":[{"id":2937,"href":"https:\/\/dgsiac.unp.edu.ar\/index.php?rest_route=\/wp\/v2\/pages\/1785\/revisions\/2937"}],"wp:attachment":[{"href":"https:\/\/dgsiac.unp.edu.ar\/index.php?rest_route=%2Fwp%2Fv2%2Fmedia&parent=1785"}],"curies":[{"name":"wp","href":"https:\/\/api.w.org\/{rel}","templated":true}]}}