{"id":1803,"date":"2023-01-12T11:53:23","date_gmt":"2023-01-12T14:53:23","guid":{"rendered":"https:\/\/peip.unp.edu.ar\/?page_id=1803"},"modified":"2024-08-19T08:28:39","modified_gmt":"2024-08-19T11:28:39","slug":"docencia-formacion-y-vida-estudiantil","status":"publish","type":"page","link":"https:\/\/dgsiac.unp.edu.ar\/?page_id=1803","title":{"rendered":"Docencia, formaci\u00f3n y vida estudiantil"},"content":{"rendered":"\n<p class=\"has-text-align-left\"> La UNPSJB cuenta con una compleja estructura de pr\u00e1cticas y procesos de formaci\u00f3n destinada a sostener una matr\u00edcula distribuida en diferentes ciudades de la Provincia del Chubut. La din\u00e1mica se ha complejizado con el paso del tiempo por la apertura de nuevas propuestas formativas, maestr\u00edas y doctorados. La planta docente est\u00e1 desarrollando tareas de formaci\u00f3n, investigaci\u00f3n, extensi\u00f3n y en<br \/>muchos casos de gobierno y gesti\u00f3n institucional. Ha aumentado la complejidad de las tareas, los v\u00ednculos con otros organismos nacionales e internacionales y con la pr\u00e1ctica comunitaria. Los  profesores e investigadores est\u00e1n comprometidos con el estudio de nuevas \u00e1reas de conocimiento y estudio, lo que conduce a nuevas propuestas de formaci\u00f3n y capacitaci\u00f3n en todo el territorio. Por otra parte, la poblaci\u00f3n de alumnos proviene mayoritariamente de toda la Provincia del Chubut pero tambi\u00e9n de muchas ciudades de la Provincia de Santa Cruz y de otros lugares del pa\u00eds y de pa\u00edses lim\u00edtrofes. Esto implica disponer de alojamientos en las diferentes sedes, becas y servicios que tienen como objetivo principal lograr que el alumno permanezca en el sistema universitario. El compromiso con la ense\u00f1anza y el aprendizaje ha obligado a la producci\u00f3n de pr\u00e1cticas de forma responsable, creativa frente a procesos de pr\u00e1cticas complejas y recursos escasos. El compromiso con la Universidad p\u00fablica, gratuita y  accesible es permanente.<\/p>\n\n\n\n<p class=\"has-text-align-left\">El trabajo docente se encuentra atravesado por diferentes y m\u00faltiples procesos que implican a las dimensiones pedag\u00f3gicas, personales, institucionales y de los acontecimientos que a modo de escenarios complejos se presentan en la vida comunitaria tal como ha sido el caso de la pandemia que nos toca vivir. De esta forma, las dimensiones mencionadas se complejizan e implican nuevas adaptaciones, pero sobre todo nuevos aprendizajes. La vida universitaria pone a los docentes y a los estudiantes ante la situaci\u00f3n de recuperar constantemente el \u201cdeseo\u201d de ense\u00f1ar y de aprender a pesar de los contratiempos que como se dijo se presentan constantemente. Una situaci\u00f3n que pone en debate la propia formaci\u00f3n y las implicancias que tiene ense\u00f1ar e investigar en contextos complejos. Desde lo institucional se requiere fortalecer las culturas profesionales y estudiantiles para que ese encuentro favorezca los aprendizajes significativos necesarios para afrontar los desaf\u00edos de la sociedad del presente y mirar el porvenir con mayor optimismo.<\/p>\n\n\n\n<p class=\"has-text-align-left\">Finalmente, intentar adecuar y mejorar todos los medios disponibles para que la Universidad ayude a equiparar la desigualdad social imperante en los escenarios contempor\u00e1neos.  <\/p>\n\n\n<style>.wp-show-posts-columns#wpsp-1813 {margin-left: -2em; }.wp-show-posts-columns#wpsp-1813 .wp-show-posts-inner {margin: 0 0 2em 2em; }<\/style><section id=\"wpsp-1813\" class=\" wp-show-posts\" style=\"\"><article class=\" wp-show-posts-single wpsp-clearfix post-1820 page type-page status-publish hentry\" itemtype=\"http:\/\/schema.org\/CreativeWork\" itemscope><div class=\"wp-show-posts-inner\" style=\"\"><div class=\"wpsp-read-more\"><a title=\"Lineamientos Docencia, formaci\u00f3n y vida estudiantil\" class=\"wp-show-posts-read-more\" href=\"https:\/\/dgsiac.unp.edu.ar\/?page_id=1820\">Leer m\u00e1s<\/a><\/div><\/div><!-- wp-show-posts-inner --><div class=\"wpsp-clear\"><\/div><\/article><\/section><!-- .wp-show-posts -->\n\n\n\n<div style=\"height:30px\" aria-hidden=\"true\" class=\"wp-block-spacer\"><\/div>\n\n\n\n<p><a href=\"https:\/\/dgsiac.unp.edu.ar\/?page_id=1519\">volver<\/a><\/p>\n\n\n<style>.wp-show-posts-columns#wpsp-1816 {margin-left: -2em; }.wp-show-posts-columns#wpsp-1816 .wp-show-posts-inner {margin: 0 0 2em 2em; }<\/style><section id=\"wpsp-1816\" class=\" wp-show-posts-columns wp-show-posts\" style=\"\"><article class=\" wp-show-posts-single post-2804 post type-post status-publish format-standard hentry category-docformest wpsp-col-6\" itemtype=\"http:\/\/schema.org\/CreativeWork\" itemscope><div class=\"wp-show-posts-inner\" style=\"\">\t\t\t\t\t\t<header class=\"wp-show-posts-entry-header\">\n\t\t\t\t\t\t\t<h2 class=\"wp-show-posts-entry-title\" itemprop=\"headline\"><a href=\"https:\/\/dgsiac.unp.edu.ar\/?p=2804\" rel=\"bookmark\">Documento definitivo<\/a><\/h2><div class=\"wp-show-posts-entry-meta wp-show-posts-entry-meta-below-title post-meta-inline\"><span class=\"wp-show-posts-posted-on wp-show-posts-meta\">\n\t\t\t\t\t<a href=\"https:\/\/dgsiac.unp.edu.ar\/?p=2804\" title=\"12:31\" rel=\"bookmark\"><time class=\"wp-show-posts-entry-date published\" datetime=\"2024-02-16T12:31:56-03:00\" itemprop=\"datePublished\">16\/02\/2024<\/time><time class=\"wp-show-posts-updated\" datetime=\"2024-02-16T13:24:16-03:00\" itemprop=\"dateModified\">16\/02\/2024<\/time><\/a>\n\t\t\t\t<\/span><\/div>\t\t\t\t\t\t<\/header><!-- .entry-header -->\n\t\t\t\t\t<div class=\"wpsp-read-more\"><a title=\"Documento definitivo\" class=\"wp-show-posts-read-more\" href=\"https:\/\/dgsiac.unp.edu.ar\/?p=2804\">Leer m\u00e1s<\/a><\/div><\/div><!-- wp-show-posts-inner --><\/article><div class=\"wpsp-clear\"><\/div><\/section><!-- .wp-show-posts -->\n","protected":false},"excerpt":{"rendered":"<p>La UNPSJB cuenta con una compleja estructura de pr\u00e1cticas y procesos de formaci\u00f3n destinada a sostener una matr\u00edcula distribuida en diferentes ciudades de la Provincia del Chubut. La din\u00e1mica se ha complejizado con el paso del tiempo por la apertura de nuevas propuestas formativas, maestr\u00edas y doctorados. La planta docente est\u00e1 desarrollando tareas de formaci\u00f3n,&hellip; <br \/> <a class=\"read-more\" href=\"https:\/\/dgsiac.unp.edu.ar\/?p=2804\">Leer m\u00e1s<\/a><\/p>\n","protected":false},"author":101013,"featured_media":0,"parent":0,"menu_order":0,"comment_status":"closed","ping_status":"closed","template":"","meta":[],"_links":{"self":[{"href":"https:\/\/dgsiac.unp.edu.ar\/index.php?rest_route=\/wp\/v2\/pages\/1803"}],"collection":[{"href":"https:\/\/dgsiac.unp.edu.ar\/index.php?rest_route=\/wp\/v2\/pages"}],"about":[{"href":"https:\/\/dgsiac.unp.edu.ar\/index.php?rest_route=\/wp\/v2\/types\/page"}],"author":[{"embeddable":true,"href":"https:\/\/dgsiac.unp.edu.ar\/index.php?rest_route=\/wp\/v2\/users\/101013"}],"replies":[{"embeddable":true,"href":"https:\/\/dgsiac.unp.edu.ar\/index.php?rest_route=%2Fwp%2Fv2%2Fcomments&post=1803"}],"version-history":[{"count":20,"href":"https:\/\/dgsiac.unp.edu.ar\/index.php?rest_route=\/wp\/v2\/pages\/1803\/revisions"}],"predecessor-version":[{"id":2938,"href":"https:\/\/dgsiac.unp.edu.ar\/index.php?rest_route=\/wp\/v2\/pages\/1803\/revisions\/2938"}],"wp:attachment":[{"href":"https:\/\/dgsiac.unp.edu.ar\/index.php?rest_route=%2Fwp%2Fv2%2Fmedia&parent=1803"}],"curies":[{"name":"wp","href":"https:\/\/api.w.org\/{rel}","templated":true}]}}