{"id":1820,"date":"2023-01-12T12:17:52","date_gmt":"2023-01-12T15:17:52","guid":{"rendered":"https:\/\/peip.unp.edu.ar\/?page_id=1820"},"modified":"2024-08-19T08:31:29","modified_gmt":"2024-08-19T11:31:29","slug":"lineamientos-dfve","status":"publish","type":"page","link":"https:\/\/dgsiac.unp.edu.ar\/?page_id=1820","title":{"rendered":"Lineamientos Docencia, formaci\u00f3n y vida estudiantil"},"content":{"rendered":"\n<p class=\"has-text-align-left\">\u2022 Construir una educaci\u00f3n de calidad y universalidad al servicio a la comunidad, en miras al desarrollo humano integral, articulando saberes comunitarios, innovaci\u00f3n cient\u00edfica, pluralidad de competencias, habilidades y conocimientos con una actitud \u00e9tica.<br \/>\u2022 Promover una educaci\u00f3n como herramienta de independencia intelectual, transformaci\u00f3n social y construcci\u00f3n de estructuras pol\u00edticas m\u00e1s justas, equitativas, solidarias. \u2022<\/p>\n\n\n\n<p>\u2022 Fortalecer los espacios de articulaci\u00f3n entre el grado, el posgrado y el desarrollo de la investigaci\u00f3n y la extensi\u00f3n para el estudio y abordaje de las problem\u00e1ticas que plantean los diferentes campos del conocimiento.<br \/>\u2022 Considerar las \u00e1reas de vacancia y aportar al desarrollo  del conjunto social, cultural y econ\u00f3mico de la regi\u00f3n.<br \/>\u2022 Favorecer el acceso a las propuestas educativas, presentando las mismas en m\u00faltiples modalidades (presencial, semipresencial, virtual, a distancia).<br \/>\u2022 Reconocer la perspectiva de g\u00e9nero, interculturalidad, Derechos Humanos y accesibilidad en todas las actividades y propuestas de formaci\u00f3n. <\/p>\n\n\n\n<p class=\"has-text-align-left\">\u2022 Garantizar la posibilidad de actualizaci\u00f3n permanente y mejores oportunidades de empleabilidad, brindando oferta de capacitaci\u00f3n continua.<br \/>\u2022 Favorecer el ingreso, permanencia y egreso de los estudiantes, brindando acompa\u00f1amiento a las trayectorias universitarias.<br \/>\u2022 Garantizar la accesibilidad a la Educaci\u00f3n Superior a personas en situaci\u00f3n de discapacidad y en diferentes formas de vulnerabilidad.<br \/>\u2022 Propiciar la formaci\u00f3n de estudiantes como ciudadanos socialmente responsables.<br \/>\u2022 Promover una mejor y mayor articulaci\u00f3n con el Nivel Medio.<br \/>\u2022 Favorecer la movilidad e intercambio acad\u00e9mico con otras instituciones de Educaci\u00f3n Superior y redes interinstitucionales del pa\u00eds y el mundo.<br \/>\u2022 Fortalecer los equipos de c\u00e1tedras.<br \/>\u2022 Fomentar y consolidar el v\u00ednculo con los graduados.<br \/>\u2022 Articular pol\u00edticas que permitan mejorar los indicadores de deserci\u00f3n, abandono, graduaci\u00f3n y seguimiento de las trayectorias acad\u00e9micas de los estudiantes.<br \/>\u2022 Favorecer la actualizaci\u00f3n permanente del personal Nodocente, garantizando posibilidades de formaci\u00f3n continua.<br \/>\u2022 Fortalecer el trabajo interfacultades e intersedes en tem\u00e1ticas acad\u00e9micas de grado y posgrado.<br \/>\u2022 Sostener y promover el sistema de carrera acad\u00e9mica como pol\u00edtica del fortalecimiento de las pr\u00e1cticas docentes.<\/p>\n\n\n\n<p class=\"has-text-align-left\"><a href=\"https:\/\/dgsiac.unp.edu.ar\/?page_id=1803\" data-type=\"URL\" data-id=\"https:\/\/peip.unp.edu.ar\">volver<\/a><\/p>\n","protected":false},"excerpt":{"rendered":"<p>\u2022 Construir una educaci\u00f3n de calidad y universalidad al servicio a la comunidad, en miras al desarrollo humano integral, articulando saberes comunitarios, innovaci\u00f3n cient\u00edfica, pluralidad de competencias, habilidades y conocimientos con una actitud \u00e9tica.\u2022 Promover una educaci\u00f3n como herramienta de independencia intelectual, transformaci\u00f3n social y construcci\u00f3n de estructuras pol\u00edticas m\u00e1s justas, equitativas, solidarias. \u2022 \u2022&hellip; <br \/> <a class=\"read-more\" href=\"https:\/\/dgsiac.unp.edu.ar\/?page_id=1820\">Leer m\u00e1s<\/a><\/p>\n","protected":false},"author":101013,"featured_media":0,"parent":0,"menu_order":0,"comment_status":"closed","ping_status":"closed","template":"","meta":[],"_links":{"self":[{"href":"https:\/\/dgsiac.unp.edu.ar\/index.php?rest_route=\/wp\/v2\/pages\/1820"}],"collection":[{"href":"https:\/\/dgsiac.unp.edu.ar\/index.php?rest_route=\/wp\/v2\/pages"}],"about":[{"href":"https:\/\/dgsiac.unp.edu.ar\/index.php?rest_route=\/wp\/v2\/types\/page"}],"author":[{"embeddable":true,"href":"https:\/\/dgsiac.unp.edu.ar\/index.php?rest_route=\/wp\/v2\/users\/101013"}],"replies":[{"embeddable":true,"href":"https:\/\/dgsiac.unp.edu.ar\/index.php?rest_route=%2Fwp%2Fv2%2Fcomments&post=1820"}],"version-history":[{"count":13,"href":"https:\/\/dgsiac.unp.edu.ar\/index.php?rest_route=\/wp\/v2\/pages\/1820\/revisions"}],"predecessor-version":[{"id":2886,"href":"https:\/\/dgsiac.unp.edu.ar\/index.php?rest_route=\/wp\/v2\/pages\/1820\/revisions\/2886"}],"wp:attachment":[{"href":"https:\/\/dgsiac.unp.edu.ar\/index.php?rest_route=%2Fwp%2Fv2%2Fmedia&parent=1820"}],"curies":[{"name":"wp","href":"https:\/\/api.w.org\/{rel}","templated":true}]}}