{"id":1827,"date":"2023-01-12T12:30:07","date_gmt":"2023-01-12T15:30:07","guid":{"rendered":"https:\/\/peip.unp.edu.ar\/?page_id=1827"},"modified":"2024-08-19T08:35:07","modified_gmt":"2024-08-19T11:35:07","slug":"lineamientos-investigacion","status":"publish","type":"page","link":"https:\/\/dgsiac.unp.edu.ar\/?page_id=1827","title":{"rendered":"Lineamientos Investigaci\u00f3n"},"content":{"rendered":"\n<p>\u2022 Dise\u00f1ar una pol\u00edtica institucional que refleje y establezca los lineamientos estrat\u00e9gicos prioritarios de la UNPSJB, como universidad regional y sustentable para la funci\u00f3n Investigaci\u00f3n y desarrollo tecnol\u00f3gico y su vinculaci\u00f3n con el medio, contribuyendo colaborativamente al establecimiento de un marco de respuestas calificadas de acuerdo a las demandas de la sociedad.<\/p>\n\n\n\n<p class=\"has-text-align-left\">\u2022 Sostener una pol\u00edtica de vinculaci\u00f3n tecnol\u00f3gica con el Estado y las diferentes organizaciones de la sociedad civil de la Regi\u00f3n Patag\u00f3nica.\u2022 Generar los dispositivos institucionales permanentes para canalizar las demandas y las necesidades de las comunidades patag\u00f3nicas.<\/p>\n\n\n\n<p class=\"has-text-align-left\">\u2022 Alentar las propuestas y acciones inter y transdisciplinarias que desde una mirada compleja e integral generen conocimientos que permitan construir un futuro sustentable, posible y democr\u00e1tico.<\/p>\n\n\n\n<p class=\"has-text-align-left\">\u2022 Reivindicar una pol\u00edtica de investigaci\u00f3n orientada por una \u00e9tica del compromiso con la regi\u00f3n atendiendo a los problemas relevantes y prioritarios para el desarrollo integral de la sociedad incorporando la investigaci\u00f3n como eje transversal en todos los niveles de formaci\u00f3n.<\/p>\n\n\n\n<p class=\"has-text-align-left\">\u2022 Promover una pol\u00edtica de crecimiento y afianzamiento de docentes con perfil de investigaci\u00f3n, fortaleciendo la articulaci\u00f3n entre investigaci\u00f3n, docencia y vinculaci\u00f3n con la sociedad.<\/p>\n\n\n\n<p class=\"has-text-align-left\">\u2022 Garantizar las condiciones necesarias para que el tiempo de dedicaci\u00f3n y los recursos destinados a la investigaci\u00f3n y vinculaci\u00f3n con la sociedad se realicen de manera dignificante para las personas que desarrollan estas pr\u00e1cticas.<\/p>\n\n\n\n<p class=\"has-text-align-left\">\u2022 Fortalecer las actividades de difusi\u00f3n y publicaci\u00f3n permanente de los avances y resultados de las investigaciones a partir de publicaciones, actualizaci\u00f3n del repositorio institucional, reuniones acad\u00e9micas, de manera tal que la socializaci\u00f3n de la informaci\u00f3n sea una herramienta de intercambio y debate p\u00fablico.<\/p>\n\n\n\n<p class=\"has-text-align-left\">\u2022 Profundizar la articulaci\u00f3n con otras instituciones locales, nacionales e internacionales vinculadas a la ciencia y tecnolog\u00eda para lograr objetivos comunes a partir del trabajo colaborativo alineado con los grandes prop\u00f3sitos institucionales a nivel nacional e internacional.<\/p>\n\n\n\n<p class=\"has-text-align-left\">\u2022 Incentivar el aumento en el n\u00famero de docentes con perfil de investigaci\u00f3n y la articulaci\u00f3n entre investigaci\u00f3n, docencia y vinculaci\u00f3n con la sociedad.<\/p>\n\n\n\n<p class=\"has-text-align-left\">\u2022 Dise\u00f1ar una pol\u00edtica comunicacional que vincule, comunique y difunda las actividades y acciones desarrolladas por toda la instituci\u00f3n con el objetivo de transferir los productos universitarios al medio.<\/p>\n\n\n\n<p class=\"has-text-align-left\">\u2022 Redefinir los modos de divulgaci\u00f3n de los proyectos de investigaci\u00f3n.<\/p>\n\n\n\n<p class=\"has-text-align-left\">\u2022 Generar una pol\u00edtica de formaci\u00f3n en investigaci\u00f3n.\u2022 Fomentar la formalizaci\u00f3n de las estructuras que incluyen los institutos, centros, laboratorios y grupos de investigaci\u00f3n, dot\u00e1ndolos de legitimidad y contenido normativo.<\/p>\n\n\n\n<p class=\"has-text-align-left\">\u2022 Promover la generaci\u00f3n de procesos participativos de innovaci\u00f3n tecnol\u00f3gica, integrando a diversos sectores productivos, emprendedores, organismos cient\u00edficos, sociedad civil.<\/p>\n\n\n\n<p class=\"has-text-align-left\">\u2022 Propiciar la inserci\u00f3n de estudiantes en proyectos de investigaci\u00f3n.<\/p>\n\n\n\n<p class=\"has-text-align-left\">\u2022 Promover instancias de evaluaci\u00f3n y seguimiento de resultados e impacto de pol\u00edticas, proyectos, zonas de vacancia, nuevas demandas de forma tal de crear una cultura que se reconozca capaz de lograr un mejoramiento permanente.<\/p>\n\n\n\n<p><a href=\"https:\/\/dgsiac.unp.edu.ar\/?page_id=1785\" data-type=\"URL\" data-id=\"https:\/\/peip.unp.edu.ar\">volver<\/a><\/p>\n","protected":false},"excerpt":{"rendered":"<p>\u2022 Dise\u00f1ar una pol\u00edtica institucional que refleje y establezca los lineamientos estrat\u00e9gicos prioritarios de la UNPSJB, como universidad regional y sustentable para la funci\u00f3n Investigaci\u00f3n y desarrollo tecnol\u00f3gico y su vinculaci\u00f3n con el medio, contribuyendo colaborativamente al establecimiento de un marco de respuestas calificadas de acuerdo a las demandas de la sociedad. \u2022 Sostener una&hellip; <br \/> <a class=\"read-more\" href=\"https:\/\/dgsiac.unp.edu.ar\/?page_id=1827\">Leer m\u00e1s<\/a><\/p>\n","protected":false},"author":101013,"featured_media":0,"parent":0,"menu_order":0,"comment_status":"closed","ping_status":"closed","template":"","meta":[],"_links":{"self":[{"href":"https:\/\/dgsiac.unp.edu.ar\/index.php?rest_route=\/wp\/v2\/pages\/1827"}],"collection":[{"href":"https:\/\/dgsiac.unp.edu.ar\/index.php?rest_route=\/wp\/v2\/pages"}],"about":[{"href":"https:\/\/dgsiac.unp.edu.ar\/index.php?rest_route=\/wp\/v2\/types\/page"}],"author":[{"embeddable":true,"href":"https:\/\/dgsiac.unp.edu.ar\/index.php?rest_route=\/wp\/v2\/users\/101013"}],"replies":[{"embeddable":true,"href":"https:\/\/dgsiac.unp.edu.ar\/index.php?rest_route=%2Fwp%2Fv2%2Fcomments&post=1827"}],"version-history":[{"count":9,"href":"https:\/\/dgsiac.unp.edu.ar\/index.php?rest_route=\/wp\/v2\/pages\/1827\/revisions"}],"predecessor-version":[{"id":2891,"href":"https:\/\/dgsiac.unp.edu.ar\/index.php?rest_route=\/wp\/v2\/pages\/1827\/revisions\/2891"}],"wp:attachment":[{"href":"https:\/\/dgsiac.unp.edu.ar\/index.php?rest_route=%2Fwp%2Fv2%2Fmedia&parent=1827"}],"curies":[{"name":"wp","href":"https:\/\/api.w.org\/{rel}","templated":true}]}}