{"id":1834,"date":"2023-01-12T12:36:45","date_gmt":"2023-01-12T15:36:45","guid":{"rendered":"https:\/\/peip.unp.edu.ar\/?page_id=1834"},"modified":"2024-08-19T08:34:38","modified_gmt":"2024-08-19T11:34:38","slug":"lineamientos-gobierno-y-gestion","status":"publish","type":"page","link":"https:\/\/dgsiac.unp.edu.ar\/?page_id=1834","title":{"rendered":"Lineamientos Gobierno y Gesti\u00f3n"},"content":{"rendered":"\n<p> \u2022 Sostener una pol\u00edtica orientada a la actualizaci\u00f3n de su estructura pol\u00edtico-organizativa.<\/p>\n\n\n\n<p class=\"has-text-align-left\"><\/p><p class=\"has-text-align-left\"><\/p><p class=\"has-text-align-left\"><\/p><p class=\"has-text-align-left\"><\/p><p class=\"has-text-align-left\"><\/p><p class=\"has-text-align-left\"><\/p><p class=\"has-text-align-left\"><\/p><p class=\"has-text-align-left\"><\/p><p class=\"has-text-align-left\"><\/p><p class=\"has-text-align-left\"><\/p><p class=\"has-text-align-left\"><\/p><p class=\"has-text-align-left\"><\/p><p class=\"has-text-align-left\"><\/p><p class=\"has-text-align-left\"><\/p><p class=\"has-text-align-left\"><\/p><p class=\"has-text-align-left\"><\/p><p class=\"has-text-align-left\"><\/p><p class=\"has-text-align-left\"><\/p><p class=\"has-text-align-left\"><\/p><p class=\"has-text-align-left\"><\/p><p class=\"has-text-align-left\"><\/p><p class=\"has-text-align-left\"><\/p><p class=\"has-text-align-left\"><\/p><p>\u2022 Garantizar la representaci\u00f3n de los claustros de todas las sedes en las diferentes estructuras de gobierno institucional.<\/p>\n\n\n\n<p class=\"has-text-align-left\"><\/p><p class=\"has-text-align-left\"><\/p><p class=\"has-text-align-left\"><\/p><p class=\"has-text-align-left\"><\/p><p class=\"has-text-align-left\"><\/p><p class=\"has-text-align-left\"><\/p><p class=\"has-text-align-left\"><\/p><p class=\"has-text-align-left\"><\/p><p class=\"has-text-align-left\"><\/p><p class=\"has-text-align-left\"><\/p><p class=\"has-text-align-left\"><\/p><p class=\"has-text-align-left\"><\/p><p class=\"has-text-align-left\"><\/p><p class=\"has-text-align-left\"><\/p><p class=\"has-text-align-left\"><\/p><p class=\"has-text-align-left\"><\/p><p class=\"has-text-align-left\"><\/p><p class=\"has-text-align-left\"><\/p><p class=\"has-text-align-left\"><\/p><p class=\"has-text-align-left\"><\/p><p class=\"has-text-align-left\"><\/p><p class=\"has-text-align-left\"><\/p><p class=\"has-text-align-left\"><\/p><p>\u2022 Promover una cultura de fortalecimiento institucional valorando las evaluaciones permanentes y los planes de desarrollo institucionales.<\/p>\n\n\n\n<p class=\"has-text-align-left\"><\/p><p class=\"has-text-align-left\"><\/p><p class=\"has-text-align-left\"><\/p><p class=\"has-text-align-left\"><\/p><p class=\"has-text-align-left\"><\/p><p class=\"has-text-align-left\"><\/p><p class=\"has-text-align-left\"><\/p><p class=\"has-text-align-left\"><\/p><p class=\"has-text-align-left\"><\/p><p class=\"has-text-align-left\"><\/p><p class=\"has-text-align-left\"><\/p><p class=\"has-text-align-left\"><\/p><p class=\"has-text-align-left\"><\/p><p class=\"has-text-align-left\"><\/p><p class=\"has-text-align-left\"><\/p><p class=\"has-text-align-left\"><\/p><p class=\"has-text-align-left\"><\/p><p class=\"has-text-align-left\"><\/p><p class=\"has-text-align-left\"><\/p><p class=\"has-text-align-left\"><\/p><p class=\"has-text-align-left\"><\/p><p class=\"has-text-align-left\"><\/p><p class=\"has-text-align-left\"><\/p><p>\u2022 Fortalecer pol\u00edticas institucionales de ampliaci\u00f3n de derechos de ciudadan\u00eda universitaria creando estructuras y las condiciones pertinentes para que todos los integrantes experimenten su condici\u00f3n de igualdad jur\u00eddica y pol\u00edtica.<\/p>\n\n\n\n<p class=\"has-text-align-left\"><\/p><p class=\"has-text-align-left\"><\/p><p class=\"has-text-align-left\"><\/p><p class=\"has-text-align-left\"><\/p><p class=\"has-text-align-left\"><\/p><p class=\"has-text-align-left\"><\/p><p class=\"has-text-align-left\"><\/p><p class=\"has-text-align-left\"><\/p><p class=\"has-text-align-left\"><\/p><p class=\"has-text-align-left\"><\/p><p class=\"has-text-align-left\"><\/p><p class=\"has-text-align-left\"><\/p><p class=\"has-text-align-left\"><\/p><p class=\"has-text-align-left\"><\/p><p class=\"has-text-align-left\"><\/p><p class=\"has-text-align-left\"><\/p><p class=\"has-text-align-left\"><\/p><p class=\"has-text-align-left\"><\/p><p class=\"has-text-align-left\"><\/p><p class=\"has-text-align-left\"><\/p><p class=\"has-text-align-left\"><\/p><p class=\"has-text-align-left\"><\/p><p class=\"has-text-align-left\"><\/p><p>\u2022 Articular las problem\u00e1ticas que diferentes sectores de la Regi\u00f3n Patag\u00f3nica plantean sobre sus experiencias y vivencias para que la universidad articule de una manera transformadora.<\/p>\n\n\n\n<p class=\"has-text-align-left\"><\/p><p class=\"has-text-align-left\"><\/p><p class=\"has-text-align-left\"><\/p><p class=\"has-text-align-left\"><\/p><p class=\"has-text-align-left\"><\/p><p class=\"has-text-align-left\"><\/p><p class=\"has-text-align-left\"><\/p><p class=\"has-text-align-left\"><\/p><p class=\"has-text-align-left\"><\/p><p class=\"has-text-align-left\"><\/p><p class=\"has-text-align-left\"><\/p><p class=\"has-text-align-left\"><\/p><p class=\"has-text-align-left\"><\/p><p class=\"has-text-align-left\"><\/p><p class=\"has-text-align-left\"><\/p><p class=\"has-text-align-left\"><\/p><p class=\"has-text-align-left\"><\/p><p class=\"has-text-align-left\"><\/p><p class=\"has-text-align-left\"><\/p><p class=\"has-text-align-left\"><\/p><p class=\"has-text-align-left\"><\/p><p class=\"has-text-align-left\"><\/p><p class=\"has-text-align-left\"><\/p><p>\u2022 Responder y adecuar las acciones institucionales a las demandas, necesidades y miradas prospectivas sobre la Regi\u00f3n Patag\u00f3nica y la Provincia del Chubut en particular.<\/p>\n\n\n\n<p class=\"has-text-align-left\"><\/p><p class=\"has-text-align-left\"><\/p><p class=\"has-text-align-left\"><\/p><p class=\"has-text-align-left\"><\/p><p class=\"has-text-align-left\"><\/p><p class=\"has-text-align-left\"><\/p><p class=\"has-text-align-left\"><\/p><p class=\"has-text-align-left\"><\/p><p class=\"has-text-align-left\"><\/p><p class=\"has-text-align-left\"><\/p><p class=\"has-text-align-left\"><\/p><p class=\"has-text-align-left\"><\/p><p class=\"has-text-align-left\"><\/p><p class=\"has-text-align-left\"><\/p><p class=\"has-text-align-left\"><\/p><p class=\"has-text-align-left\"><\/p><p class=\"has-text-align-left\"><\/p><p class=\"has-text-align-left\"><\/p><p class=\"has-text-align-left\"><\/p><p class=\"has-text-align-left\"><\/p><p class=\"has-text-align-left\"><\/p><p class=\"has-text-align-left\"><\/p><p class=\"has-text-align-left\"><\/p><p>\u2022 Contribuir con los procesos de descentralizaci\u00f3n, regionalizaci\u00f3n y democratizaci\u00f3n de la Regi\u00f3n Patag\u00f3nica, y en especial del Chubut, a partir de las diferentes pol\u00edticas de las unidades de la Universidad.<\/p>\n\n\n\n<p class=\"has-text-align-left\"><\/p><p class=\"has-text-align-left\"><\/p><p class=\"has-text-align-left\"><\/p><p class=\"has-text-align-left\"><\/p><p class=\"has-text-align-left\"><\/p><p class=\"has-text-align-left\"><\/p><p class=\"has-text-align-left\"><\/p><p class=\"has-text-align-left\"><\/p><p class=\"has-text-align-left\"><\/p><p class=\"has-text-align-left\"><\/p><p class=\"has-text-align-left\"><\/p><p class=\"has-text-align-left\"><\/p><p class=\"has-text-align-left\"><\/p><p class=\"has-text-align-left\"><\/p><p class=\"has-text-align-left\"><\/p><p class=\"has-text-align-left\"><\/p><p class=\"has-text-align-left\"><\/p><p class=\"has-text-align-left\"><\/p><p class=\"has-text-align-left\"><\/p><p class=\"has-text-align-left\"><\/p><p class=\"has-text-align-left\"><\/p><p class=\"has-text-align-left\"><\/p><p class=\"has-text-align-left\"><\/p><p>\u2022 Reivindicar la idea de una universidad en el marco del desarrollo regional y local patag\u00f3nico.<\/p>\n\n\n\n<p class=\"has-text-align-left\"><\/p><p class=\"has-text-align-left\"><\/p><p class=\"has-text-align-left\"><\/p><p class=\"has-text-align-left\"><\/p><p class=\"has-text-align-left\"><\/p><p class=\"has-text-align-left\"><\/p><p class=\"has-text-align-left\"><\/p><p class=\"has-text-align-left\"><\/p><p class=\"has-text-align-left\"><\/p><p class=\"has-text-align-left\"><\/p><p class=\"has-text-align-left\"><\/p><p class=\"has-text-align-left\"><\/p><p class=\"has-text-align-left\"><\/p><p class=\"has-text-align-left\"><\/p><p class=\"has-text-align-left\"><\/p><p class=\"has-text-align-left\"><\/p><p class=\"has-text-align-left\"><\/p><p class=\"has-text-align-left\"><\/p><p class=\"has-text-align-left\"><\/p><p class=\"has-text-align-left\"><\/p><p class=\"has-text-align-left\"><\/p><p class=\"has-text-align-left\"><\/p><p class=\"has-text-align-left\"><\/p><p>\u2022 Profundizar en el conocimiento de los factores que promueven el desarrollo de los territorios patag\u00f3nicos, y en especial del Chubut.<\/p>\n\n\n\n<p class=\"has-text-align-left\"><\/p><p class=\"has-text-align-left\"><\/p><p class=\"has-text-align-left\"><\/p><p class=\"has-text-align-left\"><\/p><p class=\"has-text-align-left\"><\/p><p class=\"has-text-align-left\"><\/p><p class=\"has-text-align-left\"><\/p><p class=\"has-text-align-left\"><\/p><p class=\"has-text-align-left\"><\/p><p class=\"has-text-align-left\"><\/p><p class=\"has-text-align-left\"><\/p><p class=\"has-text-align-left\"><\/p><p class=\"has-text-align-left\"><\/p><p class=\"has-text-align-left\"><\/p><p class=\"has-text-align-left\"><\/p><p class=\"has-text-align-left\"><\/p><p class=\"has-text-align-left\"><\/p><p class=\"has-text-align-left\"><\/p><p class=\"has-text-align-left\"><\/p><p class=\"has-text-align-left\"><\/p><p class=\"has-text-align-left\"><\/p><p class=\"has-text-align-left\"><\/p><p class=\"has-text-align-left\"><\/p><p>\u2022 Insertar la pol\u00edtica institucional en los planes de desarrollo local y regional a fin de contribuir al desarrollo end\u00f3geno del territorio patag\u00f3nico.<\/p>\n\n\n\n<p class=\"has-text-align-left\"><\/p><p class=\"has-text-align-left\"><\/p><p class=\"has-text-align-left\"><\/p><p class=\"has-text-align-left\"><\/p><p class=\"has-text-align-left\"><\/p><p class=\"has-text-align-left\"><\/p><p class=\"has-text-align-left\"><\/p><p class=\"has-text-align-left\"><\/p><p class=\"has-text-align-left\"><\/p><p class=\"has-text-align-left\"><\/p><p class=\"has-text-align-left\"><\/p><p class=\"has-text-align-left\"><\/p><p class=\"has-text-align-left\"><\/p><p class=\"has-text-align-left\"><\/p><p class=\"has-text-align-left\"><\/p><p class=\"has-text-align-left\"><\/p><p class=\"has-text-align-left\"><\/p><p class=\"has-text-align-left\"><\/p><p class=\"has-text-align-left\"><\/p><p class=\"has-text-align-left\"><\/p><p class=\"has-text-align-left\"><\/p><p class=\"has-text-align-left\"><\/p><p class=\"has-text-align-left\"><\/p><p>\u2022 Articular con el sector p\u00fablico y privado el desarrollo de l\u00edneas de Investigaci\u00f3n, Desarrollo e Innovaci\u00f3n que impacten en el desarrollo regional y local.<\/p>\n\n\n\n<p class=\"has-text-align-left\"><\/p><p class=\"has-text-align-left\"><\/p><p class=\"has-text-align-left\"><\/p><p class=\"has-text-align-left\"><\/p><p class=\"has-text-align-left\"><\/p><p class=\"has-text-align-left\"><\/p><p class=\"has-text-align-left\"><\/p><p class=\"has-text-align-left\"><\/p><p class=\"has-text-align-left\"><\/p><p class=\"has-text-align-left\"><\/p><p class=\"has-text-align-left\"><\/p><p class=\"has-text-align-left\"><\/p><p class=\"has-text-align-left\"><\/p><p class=\"has-text-align-left\"><\/p><p class=\"has-text-align-left\"><\/p><p class=\"has-text-align-left\"><\/p><p class=\"has-text-align-left\"><\/p><p class=\"has-text-align-left\"><\/p><p class=\"has-text-align-left\"><\/p><p class=\"has-text-align-left\"><\/p><p class=\"has-text-align-left\"><\/p><p class=\"has-text-align-left\"><\/p><p class=\"has-text-align-left\"><\/p><p>\u2022 Desarrollar, de manera coordinada con otras organizaciones, espacios de producci\u00f3n de datos sobre la realidad patag\u00f3nica.<\/p>\n\n\n\n<p class=\"has-text-align-left\"><\/p><p class=\"has-text-align-left\"><\/p><p class=\"has-text-align-left\"><\/p><p class=\"has-text-align-left\"><\/p><p class=\"has-text-align-left\"><\/p><p class=\"has-text-align-left\"><\/p><p class=\"has-text-align-left\"><\/p><p class=\"has-text-align-left\"><\/p><p class=\"has-text-align-left\"><\/p><p class=\"has-text-align-left\"><\/p><p class=\"has-text-align-left\"><\/p><p class=\"has-text-align-left\"><\/p><p class=\"has-text-align-left\"><\/p><p class=\"has-text-align-left\"><\/p><p class=\"has-text-align-left\"><\/p><p class=\"has-text-align-left\"><\/p><p class=\"has-text-align-left\"><\/p><p class=\"has-text-align-left\"><\/p><p class=\"has-text-align-left\"><\/p><p class=\"has-text-align-left\"><\/p><p class=\"has-text-align-left\"><\/p><p class=\"has-text-align-left\"><\/p><p class=\"has-text-align-left\"><\/p><p>\u2022 Generar procesos, estructuras, pr\u00e1cticas y normativas de transparencia tendientes a consolidar una pol\u00edtica pertinente, acorde a las misiones, valores y objetivos de una universidad nacional de car\u00e1cter regional.<\/p>\n\n\n\n<p class=\"has-text-align-left\"><\/p><p class=\"has-text-align-left\"><\/p><p class=\"has-text-align-left\"><\/p><p class=\"has-text-align-left\"><\/p><p class=\"has-text-align-left\"><\/p><p class=\"has-text-align-left\"><\/p><p class=\"has-text-align-left\"><\/p><p class=\"has-text-align-left\"><\/p><p class=\"has-text-align-left\"><\/p><p class=\"has-text-align-left\"><\/p><p class=\"has-text-align-left\"><\/p><p class=\"has-text-align-left\"><\/p><p class=\"has-text-align-left\"><\/p><p class=\"has-text-align-left\"><\/p><p class=\"has-text-align-left\"><\/p><p class=\"has-text-align-left\"><\/p><p class=\"has-text-align-left\"><\/p><p class=\"has-text-align-left\"><\/p><p class=\"has-text-align-left\"><\/p><p class=\"has-text-align-left\"><\/p><p class=\"has-text-align-left\"><\/p><p class=\"has-text-align-left\"><\/p><p class=\"has-text-align-left\"><\/p><p>\u2022 Fortalecer los procesos comunicacionales que contribuyan a la transparencia de<\/p>\n\n\n\n<p class=\"has-text-align-left\"><\/p><p class=\"has-text-align-left\"><\/p><p class=\"has-text-align-left\"><\/p><p class=\"has-text-align-left\"><\/p><p class=\"has-text-align-left\"><\/p><p class=\"has-text-align-left\"><\/p><p class=\"has-text-align-left\"><\/p><p class=\"has-text-align-left\"><\/p><p class=\"has-text-align-left\"><\/p><p class=\"has-text-align-left\"><\/p><p class=\"has-text-align-left\"><\/p><p class=\"has-text-align-left\"><\/p><p class=\"has-text-align-left\"><\/p><p class=\"has-text-align-left\"><\/p><p class=\"has-text-align-left\"><\/p><p class=\"has-text-align-left\"><\/p><p class=\"has-text-align-left\"><\/p><p class=\"has-text-align-left\"><\/p><p class=\"has-text-align-left\"><\/p><p class=\"has-text-align-left\"><\/p><p class=\"has-text-align-left\"><\/p><p class=\"has-text-align-left\"><\/p><p class=\"has-text-align-left\"><\/p><p>las decisiones, acciones y documentos institucionales.<\/p>\n\n\n\n<p class=\"has-text-align-left\"><\/p><p class=\"has-text-align-left\"><\/p><p class=\"has-text-align-left\"><\/p><p class=\"has-text-align-left\"><\/p><p class=\"has-text-align-left\"><\/p><p class=\"has-text-align-left\"><\/p><p class=\"has-text-align-left\"><\/p><p class=\"has-text-align-left\"><\/p><p class=\"has-text-align-left\"><\/p><p class=\"has-text-align-left\"><\/p><p class=\"has-text-align-left\"><\/p><p class=\"has-text-align-left\"><\/p><p class=\"has-text-align-left\"><\/p><p class=\"has-text-align-left\"><\/p><p class=\"has-text-align-left\"><\/p><p class=\"has-text-align-left\"><\/p><p class=\"has-text-align-left\"><\/p><p class=\"has-text-align-left\"><\/p><p class=\"has-text-align-left\"><\/p><p class=\"has-text-align-left\"><\/p><p class=\"has-text-align-left\"><\/p><p class=\"has-text-align-left\"><\/p><p class=\"has-text-align-left\"><\/p><p>\u2022 Fortalecer las instancias de auditor\u00eda interna, como uno de los soportes de la mejora de los procesos de calidad administrativa y de gesti\u00f3n.<\/p>\n\n\n\n<p class=\"has-text-align-left\"><\/p><p class=\"has-text-align-left\"><\/p><p class=\"has-text-align-left\"><\/p><p class=\"has-text-align-left\"><\/p><p class=\"has-text-align-left\"><\/p><p class=\"has-text-align-left\"><\/p><p class=\"has-text-align-left\"><\/p><p class=\"has-text-align-left\"><\/p><p class=\"has-text-align-left\"><\/p><p class=\"has-text-align-left\"><\/p><p class=\"has-text-align-left\"><\/p><p class=\"has-text-align-left\"><\/p><p class=\"has-text-align-left\"><\/p><p class=\"has-text-align-left\"><\/p><p class=\"has-text-align-left\"><\/p><p class=\"has-text-align-left\"><\/p><p class=\"has-text-align-left\"><\/p><p class=\"has-text-align-left\"><\/p><p class=\"has-text-align-left\"><\/p><p class=\"has-text-align-left\"><\/p><p class=\"has-text-align-left\"><\/p><p class=\"has-text-align-left\"><\/p><p class=\"has-text-align-left\"><\/p><p>\u2022 Impulsar formas de monitoreo sobre el gobierno y la gesti\u00f3n a partir de estrategias que determinan las representaciones y pr\u00e1cticas institucionales.<\/p>\n\n\n\n<p class=\"has-text-align-left\"><\/p><p class=\"has-text-align-left\"><\/p><p class=\"has-text-align-left\"><\/p><p class=\"has-text-align-left\"><\/p><p class=\"has-text-align-left\"><\/p><p class=\"has-text-align-left\"><\/p><p class=\"has-text-align-left\"><\/p><p class=\"has-text-align-left\"><\/p><p class=\"has-text-align-left\"><\/p><p class=\"has-text-align-left\"><\/p><p class=\"has-text-align-left\"><\/p><p class=\"has-text-align-left\"><\/p><p class=\"has-text-align-left\"><\/p><p class=\"has-text-align-left\"><\/p><p class=\"has-text-align-left\"><\/p><p class=\"has-text-align-left\"><\/p><p class=\"has-text-align-left\"><\/p><p class=\"has-text-align-left\"><\/p><p class=\"has-text-align-left\"><\/p><p class=\"has-text-align-left\"><\/p><p class=\"has-text-align-left\"><\/p><p class=\"has-text-align-left\"><\/p><p class=\"has-text-align-left\"><\/p><p>\u2022 Fomentar el acceso a la informaci\u00f3n institucional para conocer su funcionamiento y promover la participaci\u00f3n ciudadana y la transparencia de la gesti\u00f3n.<\/p>\n\n\n\n<p class=\"has-text-align-left\"><\/p><p class=\"has-text-align-left\"><\/p><p class=\"has-text-align-left\"><\/p><p class=\"has-text-align-left\"><\/p><p class=\"has-text-align-left\"><\/p><p class=\"has-text-align-left\"><\/p><p class=\"has-text-align-left\"><\/p><p class=\"has-text-align-left\"><\/p><p class=\"has-text-align-left\"><\/p><p class=\"has-text-align-left\"><\/p><p class=\"has-text-align-left\"><\/p><p class=\"has-text-align-left\"><\/p><p class=\"has-text-align-left\"><\/p><p class=\"has-text-align-left\"><\/p><p class=\"has-text-align-left\"><\/p><p class=\"has-text-align-left\"><\/p><p class=\"has-text-align-left\"><\/p><p class=\"has-text-align-left\"><\/p><p class=\"has-text-align-left\"><\/p><p class=\"has-text-align-left\"><\/p><p class=\"has-text-align-left\"><\/p><p class=\"has-text-align-left\"><\/p><p class=\"has-text-align-left\"><\/p><p>\u2022 Fortalecer la participaci\u00f3n activa de todos los claustros en las estructuras de gobierno institucional.<\/p>\n\n\n\n<p class=\"has-text-align-left\"><\/p><p class=\"has-text-align-left\"><\/p><p class=\"has-text-align-left\"><\/p><p class=\"has-text-align-left\"><\/p><p class=\"has-text-align-left\"><\/p><p class=\"has-text-align-left\"><\/p><p class=\"has-text-align-left\"><\/p><p class=\"has-text-align-left\"><\/p><p class=\"has-text-align-left\"><\/p><p class=\"has-text-align-left\"><\/p><p class=\"has-text-align-left\"><\/p><p class=\"has-text-align-left\"><\/p><p class=\"has-text-align-left\"><\/p><p class=\"has-text-align-left\"><\/p><p class=\"has-text-align-left\"><\/p><p class=\"has-text-align-left\"><\/p><p class=\"has-text-align-left\"><\/p><p class=\"has-text-align-left\"><\/p><p class=\"has-text-align-left\"><\/p><p class=\"has-text-align-left\"><\/p><p class=\"has-text-align-left\"><\/p><p class=\"has-text-align-left\"><\/p><p class=\"has-text-align-left\"><\/p><p>\u2022 Defender una pol\u00edtica de ampliaci\u00f3n y actualizaci\u00f3n de valores institucionales que orienten las reflexiones y decisiones institucionales, fundadas en los principios de libertad, igualdad, fraternidad, democracia y justicia en defensa de los derechos humanos y el buen vivir comunitario, que privilegien la universidad p\u00fablica, relacionada con el bienestar comunitario y la Educaci\u00f3n Superior como derecho humano universal.<\/p>\n\n\n\n<p class=\"has-text-align-left\"><\/p><p class=\"has-text-align-left\"><\/p><p class=\"has-text-align-left\"><\/p><p class=\"has-text-align-left\"><\/p><p class=\"has-text-align-left\"><\/p><p class=\"has-text-align-left\"><\/p><p class=\"has-text-align-left\"><\/p><p class=\"has-text-align-left\"><\/p><p class=\"has-text-align-left\"><\/p><p class=\"has-text-align-left\"><\/p><p class=\"has-text-align-left\"><\/p><p class=\"has-text-align-left\"><\/p><p class=\"has-text-align-left\"><\/p><p class=\"has-text-align-left\"><\/p><p class=\"has-text-align-left\"><\/p><p class=\"has-text-align-left\"><\/p><p class=\"has-text-align-left\"><\/p><p class=\"has-text-align-left\"><\/p><p class=\"has-text-align-left\"><\/p><p class=\"has-text-align-left\"><\/p><p class=\"has-text-align-left\"><\/p><p class=\"has-text-align-left\"><\/p><p class=\"has-text-align-left\"><\/p><p>\u2022 Robustecer las pr\u00e1cticas de gobierno y gesti\u00f3n, en el marco de estructuras de poder democr\u00e1ticas que promuevan, garanticen y defiendan las libertades y los derechos de los actores universitarios.<\/p>\n\n\n\n<p class=\"has-text-align-left\"><\/p><p class=\"has-text-align-left\"><\/p><p class=\"has-text-align-left\"><\/p><p class=\"has-text-align-left\"><\/p><p class=\"has-text-align-left\"><\/p><p class=\"has-text-align-left\"><\/p><p class=\"has-text-align-left\"><\/p><p class=\"has-text-align-left\"><\/p><p class=\"has-text-align-left\"><\/p><p class=\"has-text-align-left\"><\/p><p class=\"has-text-align-left\"><\/p><p class=\"has-text-align-left\"><\/p><p class=\"has-text-align-left\"><\/p><p class=\"has-text-align-left\"><\/p><p class=\"has-text-align-left\"><\/p><p class=\"has-text-align-left\"><\/p><p class=\"has-text-align-left\"><\/p><p class=\"has-text-align-left\"><\/p><p class=\"has-text-align-left\"><\/p><p class=\"has-text-align-left\"><\/p><p class=\"has-text-align-left\"><\/p><p class=\"has-text-align-left\"><\/p><p class=\"has-text-align-left\"><\/p><p>\u2022 Promover y fortalecer el desarrollo de una cultura pol\u00edtica fundada en las misiones y valores que la definen como universidad nacional, p\u00fablica, laica, gratuita, cogobernada y regional.<\/p>\n\n\n\n<p class=\"has-text-align-left\"><\/p><p class=\"has-text-align-left\"><\/p><p class=\"has-text-align-left\"><\/p><p class=\"has-text-align-left\"><\/p><p class=\"has-text-align-left\"><\/p><p class=\"has-text-align-left\"><\/p><p class=\"has-text-align-left\"><\/p><p class=\"has-text-align-left\"><\/p><p class=\"has-text-align-left\"><\/p><p class=\"has-text-align-left\"><\/p><p class=\"has-text-align-left\"><\/p><p class=\"has-text-align-left\"><\/p><p class=\"has-text-align-left\"><\/p><p class=\"has-text-align-left\"><\/p><p class=\"has-text-align-left\"><\/p><p class=\"has-text-align-left\"><\/p><p class=\"has-text-align-left\"><\/p><p class=\"has-text-align-left\"><\/p><p class=\"has-text-align-left\"><\/p><p class=\"has-text-align-left\"><\/p><p class=\"has-text-align-left\"><\/p><p class=\"has-text-align-left\"><\/p><p class=\"has-text-align-left\"><\/p><p>\u2022 Fortalecer la dimensi\u00f3n internacionalizaci\u00f3n.<\/p>\n\n\n\n<p class=\"has-text-align-left\"><\/p><p class=\"has-text-align-left\"><\/p><p class=\"has-text-align-left\"><\/p><p class=\"has-text-align-left\"><\/p><p class=\"has-text-align-left\"><\/p><p class=\"has-text-align-left\"><\/p><p class=\"has-text-align-left\"><\/p><p class=\"has-text-align-left\"><\/p><p class=\"has-text-align-left\"><\/p><p class=\"has-text-align-left\"><\/p><p class=\"has-text-align-left\"><\/p><p class=\"has-text-align-left\"><\/p><p class=\"has-text-align-left\"><\/p><p class=\"has-text-align-left\"><\/p><p class=\"has-text-align-left\"><\/p><p class=\"has-text-align-left\"><\/p><p class=\"has-text-align-left\"><\/p><p class=\"has-text-align-left\"><\/p><p class=\"has-text-align-left\"><\/p><p class=\"has-text-align-left\"><\/p><p class=\"has-text-align-left\"><\/p><p class=\"has-text-align-left\"><\/p><p class=\"has-text-align-left\"><\/p><p>\u2022 Consolidar las acciones de pol\u00edtica social a fin de mitigar las desigualdades sociales.<\/p>\n\n\n\n<p class=\"has-text-align-left\"><\/p><p class=\"has-text-align-left\"><\/p><p class=\"has-text-align-left\"><\/p><p class=\"has-text-align-left\"><\/p><p class=\"has-text-align-left\"><\/p><p class=\"has-text-align-left\"><\/p><p class=\"has-text-align-left\"><\/p><p class=\"has-text-align-left\"><\/p><p class=\"has-text-align-left\"><\/p><p class=\"has-text-align-left\"><\/p><p class=\"has-text-align-left\"><\/p><p class=\"has-text-align-left\"><\/p><p class=\"has-text-align-left\"><\/p><p class=\"has-text-align-left\"><\/p><p class=\"has-text-align-left\"><\/p><p class=\"has-text-align-left\"><\/p><p class=\"has-text-align-left\"><\/p><p class=\"has-text-align-left\"><\/p><p class=\"has-text-align-left\"><\/p><p class=\"has-text-align-left\"><\/p><p class=\"has-text-align-left\"><\/p><p class=\"has-text-align-left\"><\/p><p class=\"has-text-align-left\"><\/p><p>\u2022 Sostener y promover el sistema de carrera administrativa como pol\u00edtica del fortalecimiento de las pr\u00e1cticas nodocentes.<\/p>\n\n\n\n<p><a href=\"https:\/\/dgsiac.unp.edu.ar\/?page_id=1734\"><br \/>volver<br \/><\/a><\/p>\n\n\n\n<p><\/p>\n","protected":false},"excerpt":{"rendered":"<p>\u2022 Sostener una pol\u00edtica orientada a la actualizaci\u00f3n de su estructura pol\u00edtico-organizativa. \u2022 Garantizar la representaci\u00f3n de los claustros de todas las sedes en las diferentes estructuras de gobierno institucional. \u2022 Promover una cultura de fortalecimiento institucional valorando las evaluaciones permanentes y los planes de desarrollo institucionales. \u2022 Fortalecer pol\u00edticas institucionales de ampliaci\u00f3n de derechos&hellip; <br \/> <a class=\"read-more\" href=\"https:\/\/dgsiac.unp.edu.ar\/?page_id=1834\">Leer m\u00e1s<\/a><\/p>\n","protected":false},"author":101013,"featured_media":0,"parent":0,"menu_order":0,"comment_status":"closed","ping_status":"closed","template":"","meta":[],"_links":{"self":[{"href":"https:\/\/dgsiac.unp.edu.ar\/index.php?rest_route=\/wp\/v2\/pages\/1834"}],"collection":[{"href":"https:\/\/dgsiac.unp.edu.ar\/index.php?rest_route=\/wp\/v2\/pages"}],"about":[{"href":"https:\/\/dgsiac.unp.edu.ar\/index.php?rest_route=\/wp\/v2\/types\/page"}],"author":[{"embeddable":true,"href":"https:\/\/dgsiac.unp.edu.ar\/index.php?rest_route=\/wp\/v2\/users\/101013"}],"replies":[{"embeddable":true,"href":"https:\/\/dgsiac.unp.edu.ar\/index.php?rest_route=%2Fwp%2Fv2%2Fcomments&post=1834"}],"version-history":[{"count":12,"href":"https:\/\/dgsiac.unp.edu.ar\/index.php?rest_route=\/wp\/v2\/pages\/1834\/revisions"}],"predecessor-version":[{"id":2890,"href":"https:\/\/dgsiac.unp.edu.ar\/index.php?rest_route=\/wp\/v2\/pages\/1834\/revisions\/2890"}],"wp:attachment":[{"href":"https:\/\/dgsiac.unp.edu.ar\/index.php?rest_route=%2Fwp%2Fv2%2Fmedia&parent=1834"}],"curies":[{"name":"wp","href":"https:\/\/api.w.org\/{rel}","templated":true}]}}