{"id":2025,"date":"2023-03-03T13:30:23","date_gmt":"2023-03-03T16:30:23","guid":{"rendered":"https:\/\/peip.unp.edu.ar\/?page_id=2025"},"modified":"2024-08-19T08:33:16","modified_gmt":"2024-08-19T11:33:16","slug":"informes-de-las-11-comisiones","status":"publish","type":"page","link":"https:\/\/dgsiac.unp.edu.ar\/?page_id=2025","title":{"rendered":"Informes de las 11 comisiones"},"content":{"rendered":"\n<p><a href=\"https:\/\/drive.google.com\/file\/d\/1mlCxQVLrP4-LnpHc8GAjATuKxqq1Qix8\/view?usp=drive_link\" target=\"_blank\" rel=\"noreferrer noopener\">Comisi\u00f3n del Rectorado<\/a><\/p>\n\n\n\n<p><a href=\"https:\/\/drive.google.com\/file\/d\/1DeKnNyq8LL_d8Z54eBhd4QoIC7ogC_2i\/view?usp=drive_link\" target=\"_blank\" rel=\"noreferrer noopener\">Colegio Universitario Patag\u00f3nico &#8211; CUP<\/a><\/p>\n\n\n\n<p><a rel=\"noreferrer noopener\" href=\"https:\/\/drive.google.com\/file\/d\/1aRkGoIgcYEEUVI9EM1BJGUNwChP4eeLf\/view?usp=share_link\" target=\"_blank\">Delegaci\u00f3n Zonal: Sede<\/a><a href=\"https:\/\/drive.google.com\/file\/d\/1aWY_TEQDTtzKEAu-8jlyaCYtvLsh8RwQ\/view?usp=drive_link\" target=\"_blank\" rel=\"noreferrer noopener\"> Comodoro Rivadavia &#8211; DZCR<\/a><\/p>\n\n\n\n<p><a rel=\"noreferrer noopener\" href=\"https:\/\/drive.google.com\/file\/d\/1zuGmZ2SD9aDXjCRHhahLaK7Y3DKvPgrM\/view?usp=share_link\" target=\"_blank\">Delegaci\u00f3n Zonal:<\/a><a href=\"https:\/\/drive.google.com\/file\/d\/1M_ZLr8Mo8aqiTjhWvzLr5Gf4ErjPFmZA\/view?usp=drive_link\" target=\"_blank\" rel=\"noreferrer noopener\"> Sede Esquel &#8211; DZESQ<\/a> <\/p>\n\n\n\n<p><a href=\"https:\/\/drive.google.com\/file\/d\/1m5WPkXTgsg9PbtpEmpdwgClQvVFyHb1n\/view?usp=drive_link\" target=\"_blank\" rel=\"noreferrer noopener\">Delegaci\u00f3n Zonal: Sede Puerto Madryn &#8211; DZPM<\/a><\/p>\n\n\n\n<p><a href=\"https:\/\/drive.google.com\/file\/d\/14kXTBoSTaBw-MhiESrnIJz25XW-Qa-sM\/view?usp=drive_link\" target=\"_blank\" rel=\"noreferrer noopener\">Delegaci\u00f3n Zonal: Sede Trelew &#8211; DZTW<\/a><\/p>\n\n\n\n<p><a href=\"https:\/\/drive.google.com\/file\/d\/1VsSVNH21VsN9TcGhtI9T5Vxenkj7j5wK\/view?usp=drive_link\" target=\"_blank\" rel=\"noreferrer noopener\">Facultad de Ciencias Econ\u00f3micas &#8211; FCE<\/a><\/p>\n\n\n\n<p><a href=\"https:\/\/drive.google.com\/file\/d\/1IDVe0is3bVkDYTGL59Kva7DzQYvPo_ux\/view?usp=drive_link\" target=\"_blank\" rel=\"noreferrer noopener\">Facultad de Ciencias Naturales y Ciencias de la Salud &#8211; FCNyCS<\/a><\/p>\n\n\n\n<p><a href=\"https:\/\/drive.google.com\/file\/d\/1iyywUJw4X0yarq3_X2MWWDj1lLRo7uR2\/view?usp=drive_link\" target=\"_blank\" rel=\"noreferrer noopener\">Facultad de Humanidades y Ciencias Sociales &#8211; FHCS<\/a><\/p>\n\n\n\n<p><a href=\"https:\/\/drive.google.com\/file\/d\/1HFKeUu839TycvgDyDjQVFml0qrhBLub9\/view?usp=drive_link\" target=\"_blank\" rel=\"noreferrer noopener\">Facultad de Ingenier\u00eda &#8211; FI<\/a><\/p>\n\n\n\n<p><a href=\"https:\/\/drive.google.com\/file\/d\/1m9Fub2SONIYdUBClXTbC0ariR2FNXLDZ\/view?usp=drive_link\" target=\"_blank\" rel=\"noreferrer noopener\">Facultad de Ciencias Jur\u00eddicas &#8211; FCJ<\/a><\/p>\n\n\n\n<div style=\"height:35px\" aria-hidden=\"true\" class=\"wp-block-spacer\"><\/div>\n\n\n\n<p><a href=\"https:\/\/dgsiac.unp.edu.ar\/?page_id=1391\">volver<\/a><\/p>\n","protected":false},"excerpt":{"rendered":"<p>Comisi\u00f3n del Rectorado Colegio Universitario Patag\u00f3nico &#8211; CUP Delegaci\u00f3n Zonal: Sede Comodoro Rivadavia &#8211; DZCR Delegaci\u00f3n Zonal: Sede Esquel &#8211; DZESQ Delegaci\u00f3n Zonal: Sede Puerto Madryn &#8211; DZPM Delegaci\u00f3n Zonal: Sede Trelew &#8211; DZTW Facultad de Ciencias Econ\u00f3micas &#8211; FCE Facultad de Ciencias Naturales y Ciencias de la Salud &#8211; FCNyCS Facultad de Humanidades y&hellip; <br \/> <a class=\"read-more\" href=\"https:\/\/dgsiac.unp.edu.ar\/?page_id=2025\">Leer m\u00e1s<\/a><\/p>\n","protected":false},"author":101013,"featured_media":0,"parent":0,"menu_order":0,"comment_status":"closed","ping_status":"closed","template":"","meta":[],"_links":{"self":[{"href":"https:\/\/dgsiac.unp.edu.ar\/index.php?rest_route=\/wp\/v2\/pages\/2025"}],"collection":[{"href":"https:\/\/dgsiac.unp.edu.ar\/index.php?rest_route=\/wp\/v2\/pages"}],"about":[{"href":"https:\/\/dgsiac.unp.edu.ar\/index.php?rest_route=\/wp\/v2\/types\/page"}],"author":[{"embeddable":true,"href":"https:\/\/dgsiac.unp.edu.ar\/index.php?rest_route=\/wp\/v2\/users\/101013"}],"replies":[{"embeddable":true,"href":"https:\/\/dgsiac.unp.edu.ar\/index.php?rest_route=%2Fwp%2Fv2%2Fcomments&post=2025"}],"version-history":[{"count":12,"href":"https:\/\/dgsiac.unp.edu.ar\/index.php?rest_route=\/wp\/v2\/pages\/2025\/revisions"}],"predecessor-version":[{"id":2888,"href":"https:\/\/dgsiac.unp.edu.ar\/index.php?rest_route=\/wp\/v2\/pages\/2025\/revisions\/2888"}],"wp:attachment":[{"href":"https:\/\/dgsiac.unp.edu.ar\/index.php?rest_route=%2Fwp%2Fv2%2Fmedia&parent=2025"}],"curies":[{"name":"wp","href":"https:\/\/api.w.org\/{rel}","templated":true}]}}