{"id":2482,"date":"2023-11-09T13:49:00","date_gmt":"2023-11-09T16:49:00","guid":{"rendered":"https:\/\/peip.unp.edu.ar\/?page_id=2482"},"modified":"2025-03-13T12:55:15","modified_gmt":"2025-03-13T15:55:15","slug":"evaluacion-institucional","status":"publish","type":"page","link":"https:\/\/dgsiac.unp.edu.ar\/?page_id=2482","title":{"rendered":"Evaluaci\u00f3n Institucional"},"content":{"rendered":"\n<p><strong><em>1\u00ba Proceso de Evaluaci\u00f3n Institucional<\/em><\/strong><\/p>\n\n\n\n<p><a href=\"https:\/\/drive.google.com\/file\/d\/1LT8tSvb-9fAXzTdpvvsxkLYVvi9v2doB\/view?usp=sharing\" target=\"_blank\" rel=\"noreferrer noopener\">1\u00ba Informe de Autoevaluaci\u00f3n 1997 UNPSJB, UNPSJB.<\/a><\/p>\n\n\n\n<p><a href=\"https:\/\/drive.google.com\/file\/d\/1ESer1P8zoua8RrXS5p4GvCmSbI3mjTFw\/view?usp=sharing\" target=\"_blank\" rel=\"noreferrer noopener\">1\u00ba Informe de Evaluaci\u00f3n Externa 1998 UNPSJB, CONEAU.<\/a><\/p>\n\n\n\n<p>2<strong><em>\u00ba Proceso, Autoevaluaci\u00f3n Institucional<\/em><\/strong><\/p>\n\n\n\n<p>La UNPSJB ha finalizado su 2\u00ba Proceso de Autoevaluaci\u00f3n Institucional (1997-2011)<\/p>\n\n\n\n<p>El Informe Final fue aprobado por Resoluci\u00f3n C.S. N\u00ba 049\/13 en sesi\u00f3n del d\u00eda 24 de Mayo, realizada en la sede Puerto Madryn.<\/p>\n\n\n\n<p>El trabajo colaborativo protagonizado por Docentes y No Docentes de todas las Facultades y Sedes ha producido conocimiento sobre el funcionamiento de las cinco Unidades Acad\u00e9micas y del Rectorado respecto de diferentes variables e indicadores referidos a las cuatro funciones universitarias: Investigaci\u00f3n y Desarrollo Tecnol\u00f3gico, Extensi\u00f3n y Transferencia, Docencia y Gobierno y Gesti\u00f3n.<\/p>\n\n\n\n<p>Este Informe, aprobado por unanimidad, no s\u00f3lo brinda una descripci\u00f3n sistem\u00e1tica de la organizaci\u00f3n, sino que tambi\u00e9n expone un conjunto de sugerencias y propuestas que permiten pensar en cambios y transformaciones. (descargar Informe y Anexo estad\u00edstico)<\/p>\n\n\n\n<p><a href=\"https:\/\/drive.google.com\/open?id=1kLevA5RHQjdlihax4oseQ4tMX_GpEieo\" target=\"_blank\" rel=\"noreferrer noopener\">Informe Final del II Proceso Autoevaluacion UNPSJB 1997-2011<\/a><\/p>\n\n\n\n<p><a href=\"https:\/\/drive.google.com\/open?id=1mj4XmHS3DsFC8DNfO5_CjIcBqIf1V-xi\" target=\"_blank\" rel=\"noreferrer noopener\">Anexo estad\u00edstico<\/a><\/p>\n\n\n\n<p><\/p>\n\n\n\n<p><strong>Resoluciones<\/strong><\/p>\n\n\n\n<p><a href=\"https:\/\/drive.google.com\/open?id=1OebAcdgxPRdbNvZqZTXQFtl7awJLqbcw\" target=\"_blank\" rel=\"noreferrer noopener\">Resoluci\u00f3n Consejo Superior 004\/06. Implementaci\u00f3n&nbsp; Segundo Proceso de Autoevaluaci\u00f3n.<\/a>&nbsp;<\/p>\n\n\n\n<p><a href=\"https:\/\/drive.google.com\/open?id=1H0f0FoAZXsKW3exuBkZPX4NOL9v4BY4T\" target=\"_blank\" rel=\"noreferrer noopener\">Resoluci\u00f3n Consejo Superior N\u00ba 005\/02&nbsp; Conformaci\u00f3n de comisi\u00f3n para elaborar proyecto de presupuesto en al UNPSJB.<\/a><\/p>\n\n\n\n<p><a href=\"https:\/\/drive.google.com\/file\/d\/1q63UcHr0UFK3kMUMvGNL17VKPbJJ7iP_\/view?usp=drive_link\" target=\"_blank\" rel=\"noreferrer noopener\">Resoluci\u00f3n Consejo Superior 049\/13 Aprobaci\u00f3n Informe Final \u00ab2\u00ba Proceso de Autoevaluaci\u00f3n Institucional\u00bb &#8211; 1997\/2011.<\/a><\/p>\n\n\n\n<p><a href=\"https:\/\/drive.google.com\/open?id=1pQ4LnyH_vyCGztjJBuN7PxSiwUmLWLtr\" target=\"_blank\" rel=\"noreferrer noopener\">Resoluci\u00f3n Consejo Superior N\u00ba 528\/2012 Seminario- Taller de Investigaci\u00f3n Social.&nbsp;<\/a><\/p>\n\n\n\n<p><a href=\"https:\/\/drive.google.com\/open?id=1SCwUYGa7U_yWNl2Rnwh_ZlCl0KF3gaEw\" target=\"_blank\" rel=\"noreferrer noopener\">RES. R\/7 N\u00ba 392-2013. Implementacion de Seminario Taller denominado \u00abINTRODUCCI\u00d3N A LA METODOLOG\u00cdA DE AN\u00c1LISIS DE DATOS CUALITATIVOS\u00bb<\/a><\/p>\n\n\n\n<p><a rel=\"noreferrer noopener\" href=\"https:\/\/drive.google.com\/open?id=1Z9trAyIb0DFi8cr61KUom6xcYvJPUfOE\" target=\"_blank\">RES. R\/6 N\u00ba 528-2006 Aprobaci\u00f3n de la apertura del proceso de Autoevaluaci\u00f3n Institucional.<\/a><\/p>\n\n\n\n<p><a href=\"https:\/\/dgsiac.unp.edu.ar\/\">volver<\/a><\/p>\n\n\n\n<p><\/p>\n","protected":false},"excerpt":{"rendered":"<p>1\u00ba Proceso de Evaluaci\u00f3n Institucional 1\u00ba Informe de Autoevaluaci\u00f3n 1997 UNPSJB, UNPSJB. 1\u00ba Informe de Evaluaci\u00f3n Externa 1998 UNPSJB, CONEAU. 2\u00ba Proceso, Autoevaluaci\u00f3n Institucional La UNPSJB ha finalizado su 2\u00ba Proceso de Autoevaluaci\u00f3n Institucional (1997-2011) El Informe Final fue aprobado por Resoluci\u00f3n C.S. N\u00ba 049\/13 en sesi\u00f3n del d\u00eda 24 de Mayo, realizada en la&hellip; <br \/> <a class=\"read-more\" href=\"https:\/\/dgsiac.unp.edu.ar\/?page_id=2482\">Leer m\u00e1s<\/a><\/p>\n","protected":false},"author":101013,"featured_media":0,"parent":0,"menu_order":0,"comment_status":"closed","ping_status":"closed","template":"","meta":[],"_links":{"self":[{"href":"https:\/\/dgsiac.unp.edu.ar\/index.php?rest_route=\/wp\/v2\/pages\/2482"}],"collection":[{"href":"https:\/\/dgsiac.unp.edu.ar\/index.php?rest_route=\/wp\/v2\/pages"}],"about":[{"href":"https:\/\/dgsiac.unp.edu.ar\/index.php?rest_route=\/wp\/v2\/types\/page"}],"author":[{"embeddable":true,"href":"https:\/\/dgsiac.unp.edu.ar\/index.php?rest_route=\/wp\/v2\/users\/101013"}],"replies":[{"embeddable":true,"href":"https:\/\/dgsiac.unp.edu.ar\/index.php?rest_route=%2Fwp%2Fv2%2Fcomments&post=2482"}],"version-history":[{"count":18,"href":"https:\/\/dgsiac.unp.edu.ar\/index.php?rest_route=\/wp\/v2\/pages\/2482\/revisions"}],"predecessor-version":[{"id":2984,"href":"https:\/\/dgsiac.unp.edu.ar\/index.php?rest_route=\/wp\/v2\/pages\/2482\/revisions\/2984"}],"wp:attachment":[{"href":"https:\/\/dgsiac.unp.edu.ar\/index.php?rest_route=%2Fwp%2Fv2%2Fmedia&parent=2482"}],"curies":[{"name":"wp","href":"https:\/\/api.w.org\/{rel}","templated":true}]}}