{"id":2559,"date":"2023-11-10T12:48:34","date_gmt":"2023-11-10T15:48:34","guid":{"rendered":"https:\/\/peip.unp.edu.ar\/?page_id=2559"},"modified":"2024-09-04T11:53:04","modified_gmt":"2024-09-04T14:53:04","slug":"misiones-y-funciones-del-peip-2","status":"publish","type":"page","link":"https:\/\/dgsiac.unp.edu.ar\/?page_id=2559","title":{"rendered":"Funciones DGSIAC"},"content":{"rendered":"\n<p><\/p>\n\n\n\n<ul>\n<li>Asistir al Rector\/a y al Consejo Superior en las cuestiones vinculadas con la autoevaluaci\u00f3n institucional permanente y evaluaci\u00f3n externa, recomendando sobre los procedimientos a utilizar, sobre las comisiones de trabajo a conformar destinadas a llevar a cabo los procesos de autoevaluaci\u00f3n y seguimiento de las recomendaciones que de aquellas acciones deban seguirse.<\/li>\n\n\n\n<li>Organizar y ejecutar todos los procesos previstos para desarrollar la autoevaluaci\u00f3n institucional y la evaluaci\u00f3n externa de la Universidad.<\/li>\n\n\n\n<li>Organizar y ejecutar todos los procesos previstos para definir y llevar a cabo los planes de desarrollo de la Universidad.<\/li>\n\n\n\n<li>Ejecutar todos los procesos previstos para lograr el aseguramiento de calidad de las carreras que oferta la UNPSJB y que no est\u00e1n incluidas en el Art\u00edculo 43 de la Ley N\u00b0 24521 (Ley de Educaci\u00f3n Superior).<\/li>\n\n\n\n<li>Asesorar a las unidades acad\u00e9micas sobre actividades de autoevaluaci\u00f3n que sean preparatorias para los procesos de acreditaci\u00f3n de las carreras de la Universidad que se encuentren dentro del Art\u00edculo 43 de la Ley N\u00b0 24521 (Ley de Educaci\u00f3n Superior) y que ayuden a atender los d\u00e9ficits que puedan tener antes de comenzar formalmente con el proceso.<\/li>\n\n\n\n<li>Definir indicadores universitarios relevantes y proporcionar a las autoridades y a las diferentes dependencias de la UNPSJB la informaci\u00f3n necesaria para facilitar la toma de decisiones respecto de los cambios que fuera necesario introducir.<\/li>\n\n\n\n<li>Elaborar informes para la planificaci\u00f3n estrat\u00e9gica de la Universidad.<\/li>\n\n\n\n<li>Atender a la actividad de la evaluaci\u00f3n en la comunidad universitaria, como una instancia que permite realizar an\u00e1lisis de situaci\u00f3n y formulaci\u00f3n de proyectos de mejoramiento de la calidad.<\/li>\n\n\n\n<li>Fortalecer un espacio de discusi\u00f3n y de trabajo sobre las posibilidades y resultados de la evaluaci\u00f3n como proceso permanente para la mejora continua.<\/li>\n\n\n\n<li>Contribuir a promover la reflexi\u00f3n regional, con el objeto de producir y proponer criterios y pautas metodol\u00f3gicas para la evaluaci\u00f3n continua y para la elaboraci\u00f3n de estrategias conjuntas con otras universidades de la regi\u00f3n Patag\u00f3nica.<\/li>\n\n\n\n<li>Controlar la calidad de sus propios procesos a fin de mejorar continuamente la calidad y la precisi\u00f3n de la informaci\u00f3n.<\/li>\n<\/ul>\n\n\n\n<p><a href=\"https:\/\/dgsiac.unp.edu.ar\/\">volver<\/a><\/p>\n","protected":false},"excerpt":{"rendered":"<p>volver<\/p>\n","protected":false},"author":101013,"featured_media":0,"parent":0,"menu_order":0,"comment_status":"closed","ping_status":"closed","template":"","meta":[],"_links":{"self":[{"href":"https:\/\/dgsiac.unp.edu.ar\/index.php?rest_route=\/wp\/v2\/pages\/2559"}],"collection":[{"href":"https:\/\/dgsiac.unp.edu.ar\/index.php?rest_route=\/wp\/v2\/pages"}],"about":[{"href":"https:\/\/dgsiac.unp.edu.ar\/index.php?rest_route=\/wp\/v2\/types\/page"}],"author":[{"embeddable":true,"href":"https:\/\/dgsiac.unp.edu.ar\/index.php?rest_route=\/wp\/v2\/users\/101013"}],"replies":[{"embeddable":true,"href":"https:\/\/dgsiac.unp.edu.ar\/index.php?rest_route=%2Fwp%2Fv2%2Fcomments&post=2559"}],"version-history":[{"count":5,"href":"https:\/\/dgsiac.unp.edu.ar\/index.php?rest_route=\/wp\/v2\/pages\/2559\/revisions"}],"predecessor-version":[{"id":2923,"href":"https:\/\/dgsiac.unp.edu.ar\/index.php?rest_route=\/wp\/v2\/pages\/2559\/revisions\/2923"}],"wp:attachment":[{"href":"https:\/\/dgsiac.unp.edu.ar\/index.php?rest_route=%2Fwp%2Fv2%2Fmedia&parent=2559"}],"curies":[{"name":"wp","href":"https:\/\/api.w.org\/{rel}","templated":true}]}}