{"id":527,"date":"2012-05-23T18:13:27","date_gmt":"2012-05-23T18:13:27","guid":{"rendered":"http:\/\/peip.unp.edu.ar\/?page_id=527"},"modified":"2024-08-19T08:42:01","modified_gmt":"2024-08-19T11:42:01","slug":"desarrollo-institucional","status":"publish","type":"page","link":"https:\/\/dgsiac.unp.edu.ar\/?page_id=527","title":{"rendered":"Miradas hist\u00f3ricas de la UNPSJB sobre el desarrollo institucional"},"content":{"rendered":"\n<p><strong>Estudio de factibilidad 1972 UNPSJB<\/strong><\/p>\n\n\n\n<p><a href=\"http:\/\/peip.unp.edu.ar\/wp-content\/uploads\/2012\/05\/estudio-de-factibilidad-UNP.pdf\" target=\"_blank\" rel=\"noreferrer noopener\">Estudio de Factibilidad 1972 UNP- Parte 1<\/a><\/p>\n\n\n\n<p><a href=\"http:\/\/peip.unp.edu.ar\/wp-content\/uploads\/2012\/05\/estudio-de-factibilidad-UNP2.pdf\" target=\"_blank\" rel=\"noreferrer noopener\">Estudio de Factibilidad 1972 UNP-Parte 2<\/a><\/p>\n\n\n\n<p><a href=\"http:\/\/peip.unp.edu.ar\/wp-content\/uploads\/2012\/05\/estudio-de-factibilidad-UNP3.pdf\">Estudio de Factibilidad 1972 UNP-Parte 3<\/a><\/p>\n\n\n\n<p><strong>Plan de desarrollo estrat\u00e9gico 1980 UNPSJB<\/strong><\/p>\n\n\n\n<p><a href=\"http:\/\/peip.unp.edu.ar\/wp-content\/uploads\/2012\/05\/plandedesarrolloUNPJB11.pdf\" target=\"_blank\" rel=\"noreferrer noopener\">Plan de desarrollo estrat\u00e9gico 1980 UNPSJB- Primera Parte<\/a><\/p>\n\n\n\n<p><a href=\"http:\/\/peip.unp.edu.ar\/wp-content\/uploads\/2012\/05\/plandedesarrolloUNPJB2.pdf\" target=\"_blank\" rel=\"noreferrer noopener\">Plan de desarrollo estrat\u00e9gico 1980 UNPSJB- Segunda Parte<\/a><\/p>\n\n\n\n<p><a href=\"http:\/\/peip.unp.edu.ar\/wp-content\/uploads\/2012\/05\/plandedesarrolloUNPJB3.pdf\" target=\"_blank\" rel=\"noreferrer noopener\">Plan de desarrollo estrat\u00e9gico 1980 UNPSJB- Tercera Parte<\/a><\/p>\n\n\n\n<p><a href=\"http:\/\/peip.unp.edu.ar\/wp-content\/uploads\/2012\/05\/plandedesarrolloUNPJB4.pdf\" target=\"_blank\" rel=\"noreferrer noopener\">Plan de desarrollo estrat\u00e9gico 1980 UNPSJB- Cuarta Parte<\/a><\/p>\n\n\n\n<p><\/p>\n\n\n\n<p><a href=\"https:\/\/dgsiac.unp.edu.ar\/?page_id=1519\">volver<\/a><\/p>\n\n\n\n<p><\/p>\n","protected":false},"excerpt":{"rendered":"<p>Estudio de factibilidad 1972 UNPSJB Estudio de Factibilidad 1972 UNP- Parte 1 Estudio de Factibilidad 1972 UNP-Parte 2 Estudio de Factibilidad 1972 UNP-Parte 3 Plan de desarrollo estrat\u00e9gico 1980 UNPSJB Plan de desarrollo estrat\u00e9gico 1980 UNPSJB- Primera Parte Plan de desarrollo estrat\u00e9gico 1980 UNPSJB- Segunda Parte Plan de desarrollo estrat\u00e9gico 1980 UNPSJB- Tercera Parte Plan&hellip; <br \/> <a class=\"read-more\" href=\"https:\/\/dgsiac.unp.edu.ar\/?page_id=527\">Leer m\u00e1s<\/a><\/p>\n","protected":false},"author":1,"featured_media":0,"parent":11,"menu_order":5,"comment_status":"closed","ping_status":"open","template":"","meta":[],"_links":{"self":[{"href":"https:\/\/dgsiac.unp.edu.ar\/index.php?rest_route=\/wp\/v2\/pages\/527"}],"collection":[{"href":"https:\/\/dgsiac.unp.edu.ar\/index.php?rest_route=\/wp\/v2\/pages"}],"about":[{"href":"https:\/\/dgsiac.unp.edu.ar\/index.php?rest_route=\/wp\/v2\/types\/page"}],"author":[{"embeddable":true,"href":"https:\/\/dgsiac.unp.edu.ar\/index.php?rest_route=\/wp\/v2\/users\/1"}],"replies":[{"embeddable":true,"href":"https:\/\/dgsiac.unp.edu.ar\/index.php?rest_route=%2Fwp%2Fv2%2Fcomments&post=527"}],"version-history":[{"count":43,"href":"https:\/\/dgsiac.unp.edu.ar\/index.php?rest_route=\/wp\/v2\/pages\/527\/revisions"}],"predecessor-version":[{"id":2897,"href":"https:\/\/dgsiac.unp.edu.ar\/index.php?rest_route=\/wp\/v2\/pages\/527\/revisions\/2897"}],"up":[{"embeddable":true,"href":"https:\/\/dgsiac.unp.edu.ar\/index.php?rest_route=\/wp\/v2\/pages\/11"}],"wp:attachment":[{"href":"https:\/\/dgsiac.unp.edu.ar\/index.php?rest_route=%2Fwp%2Fv2%2Fmedia&parent=527"}],"curies":[{"name":"wp","href":"https:\/\/api.w.org\/{rel}","templated":true}]}}